{"id":478,"date":"2021-04-19T10:33:33","date_gmt":"2021-04-19T08:33:33","guid":{"rendered":"https:\/\/casuscon.test.uwr.edu.pl\/?page_id=478"},"modified":"2021-04-19T10:33:33","modified_gmt":"2021-04-19T08:33:33","slug":"strona-glowna2-do-edycji-ukladu-czasowego-strony","status":"publish","type":"page","link":"https:\/\/casuscon.uwr.edu.pl\/pl\/strona-glowna2-do-edycji-ukladu-czasowego-strony\/","title":{"rendered":"Strona G\u0142\u00f3wna2 ( do edycji uk\u0142adu czasowego strony)"},"content":{"rendered":"\n<div id=\"ogloszenia-block\" class=\"ogloszenia-block \">\r\n        <h2 class=\"ogloszenia-block-naglowek\">Og\u0142oszenia<\/h2>\r\n        <div class=\"row\">\r\n                <div class=\"element-ogloszenia-more\">\r\n            <div class=\"element-ogloszenia-wrap-more\">\r\n                <a href=\"\/category\/ogloszenia\/\" title=\"przejd\u017a do Og\u0142oszenia\">\r\n                    <div class=\"button2\">\r\n                        <span class=\"c-button__arrow2\">\r\n                            <svg class=\"c-arrow2\" width=\"40px\" height=\"40px\" viewBox=\"0 0 22 16\" version=\"1.1\" xmlns=\"http:\/\/www.w3.org\/2000\/svg\" xmlns:xlink=\"http:\/\/www.w3.org\/1999\/xlink\">\r\n                                <g class=\"c-arrow__g2\" stroke=\"none\" stroke-width=\"1\" fill=\"none\" fill-rule=\"evenodd\">\r\n                                    <g class=\"c-arrow__g2\">\r\n                                        <rect class=\"\" id=\"c-arrow__rect2\" x=\"0\" y=\"7\" width=\"20\" height=\"2\" transform=\"scale(0,1)\"><\/rect>\r\n                                        <polygon points=\"13.4875 0 12 1.6215 18.7875 8 12 14.3795 13.4875 16 21.9995 8\"><\/polygon>\r\n                                    <\/g>\r\n                                <\/g>\r\n                            <\/svg>\r\n                        <\/span>\r\n                        <span class=\"c-button__inner2\"> Show All <\/span>\r\n                    <\/div>\r\n                <\/a>\r\n            <\/div>\r\n        <\/div>\r\n    <\/div>\r\n    <div class=\"clear\"><\/div>\r\n\r\n\r\n<\/div>\n<div id=\"NewsID\" class=\"aktualnosci-block aktualnosci-block \">\n    <h2 class=\"aktualnosci-block-naglowek aktualnosci-block-naglowek\">Aktualno\u015bci<\/h2>    <div class=\"row\">\n        There is no news to display    <\/div>\n    <div class=\"box-clear\"><\/div>\n<\/div>\n\n\n<div class=\"wp-block-bonasoft-modular-block-shortcuts animated slideInUp duration2 eds-on-scroll\"><h3 class=\"bs__shortcuts__block-title\">Na Skr\u00f3ty<\/h3><div class=\"bs__shortcuts__nav\"><div class=\"bs__shortcuts__nav-item\"><a>Test<\/a><\/div><div class=\"bs__shortcuts__nav-item\"><a>Test<\/a><\/div><div class=\"bs__shortcuts__nav-item\"><a>Test<\/a><\/div><\/div><div class=\"bs__shortcuts__image\" style=\"background-image: url(https:\/\/casuscon.uwr.edu.pl\/wp-content\/uploads\/sites\/27\/2021\/02\/pracownia-humanistyki-cyfrowej-4-fot.-DOMINIKA.jpg)\"><\/div><\/div>\n\n<div id=\"EventsID\" class=\" wydarzenia-block wydarzenia-block \">\n            <h2 class=\"wydarzenia-block-naglowek wydarzenia-block-naglowek\">Wydarzenia<\/h2>\n        There is no news to display<\/div>\n\n\n\n<div class=\"wp-block-image blok-uczelnia-badawcza-mobile\"><figure class=\"aligncenter size-large\"><a href=\"https:\/\/badawczy.uwr.edu.pl\/\"><img decoding=\"async\" src=\"https:\/\/casuscon.uwr.edu.pl\/wp-content\/uploads\/sites\/27\/2021\/04\/Group-609.png\" alt=\"\" class=\"wp-image-158\" \/><\/a><\/figure><\/div>\n\n\n<div class=\"wp-block-columns bs-section-two-columns is-layout-flex wp-block-columns-is-layout-flex\">\n<div class=\"wp-block-column bs-section-two-columns-first-column is-layout-flow wp-block-column-is-layout-flow\">\n<div class=\"aligncenter wp-block-ugb-image-box ugb-image-box bs-section-two-columns-first-image ugb-6781511 ugb-image-box--v4 ugb-image-box--columns-1 ugb-image-box--design-basic ugb-image-box--align-left ugb-main-block\"><style>.ugb-6781511 .ugb-image-box__box{border-radius:0px !important}.ugb-6781511 .ugb-image-box__item{height:700px !important}.ugb-6781511 .ugb-image-box__item1 .ugb-image-box__image{background-image:url(https:\/\/casuscon.uwr.edu.pl\/wp-content\/uploads\/sites\/27\/2021\/04\/4D8A2039.jpg)}.ugb-6781511 .ugb-image-box__title{font-size:2em !important}.ugb-6781511 .ugb-inner-block{text-align:left}@media screen and (min-width:768px) and (max-width:1025px){.ugb-6781511 .ugb-image-box__item{height:300px !important}}@media screen and (max-width:768px){.ugb-6781511 .ugb-image-box__item{height:300px !important}}@media screen and (min-width:768px){.ugb-6781511 > .ugb-inner-block > .ugb-block-content > *{padding-top:0px !important;padding-right:0px !important;padding-left:115px !important}}<\/style><div class=\"ugb-inner-block\"><div class=\"ugb-block-content\"><div class=\"ugb-image-box__item ugb-image-box__item1 ugb-image-box__box ugb--shadow-0\"><div class=\"ugb-image-box__box ugb-image-box__image-wrapper\"><div class=\"ugb-image-box__box ugb-image-box__image\" role=\"img\" aria-label=\"Wpisz tytu\u0142\"><\/div><\/div><div class=\"ugb-image-box__content\"><div class=\"ugb-image-box__header\"><h4 class=\"ugb-image-box__title\"><strong>Wpisz tytu\u0142<\/strong><\/h4><\/div><p class=\"ugb-image-box__description\">Pole na tekst<\/p><\/div><\/div><\/div><\/div><\/div>\n<\/div>\n\n\n<div class=\"wp-block-column bs-section-two-columns-second-column is-layout-flow wp-block-column-is-layout-flow\">\n<div class=\"aligncenter wp-block-ugb-image-box ugb-image-box bs-section-two-columns-second-image ugb-86b5967 ugb-image-box--v4 ugb-image-box--columns-1 ugb-image-box--design-basic ugb-image-box--align-left ugb-main-block\"><style>.ugb-86b5967 .ugb-image-box__box{border-radius:0px !important}.ugb-86b5967 .ugb-image-box__item{height:700px !important}.ugb-86b5967 .ugb-image-box__item1 .ugb-image-box__image{background-image:url(https:\/\/casuscon.uwr.edu.pl\/wp-content\/uploads\/sites\/27\/2021\/04\/fot.magdalena-marcula-39.jpg)}.ugb-86b5967 .ugb-image-box__title{font-size:2em !important}.ugb-86b5967 .ugb-image-box__description{font-size:0.8em !important}.ugb-86b5967 .ugb-inner-block{text-align:left}@media screen and (min-width:768px) and (max-width:1025px){.ugb-86b5967 .ugb-image-box__item{height:300px !important}}@media screen and (max-width:768px){.ugb-86b5967 .ugb-image-box__item{height:300px !important}}@media screen and (min-width:768px){.ugb-86b5967 > .ugb-inner-block > .ugb-block-content > *{padding-top:0px !important;padding-right:0px !important;padding-left:0px !important}}<\/style><div class=\"ugb-inner-block\"><div class=\"ugb-block-content\"><div class=\"ugb-image-box__item ugb-image-box__item1 ugb-image-box__box ugb--shadow-0\"><div class=\"ugb-image-box__box ugb-image-box__image-wrapper\"><div class=\"ugb-image-box__box ugb-image-box__image\" role=\"img\" aria-label=\"Wpisz tytu\u0142\"><\/div><\/div><div class=\"ugb-image-box__content\"><div class=\"ugb-image-box__header\"><h4 class=\"ugb-image-box__title\"><strong><strong>Wpisz tytu\u0142<\/strong><\/strong><\/h4><\/div><p class=\"ugb-image-box__description\">Pole na tekst<\/p><\/div><\/div><\/div><\/div><\/div>\n\n\n<p><\/p>\n<\/div>\n<\/div>\n\n\n\n<div class=\"wp-block-image blok-rusza-rekrutacja-mobile\"><figure class=\"aligncenter size-large is-resized\"><img loading=\"lazy\" decoding=\"async\" src=\"https:\/\/casuscon.uwr.edu.pl\/wp-content\/uploads\/sites\/27\/2021\/04\/Group-610.png\" alt=\"\" class=\"wp-image-162\" width=\"374\" height=\"637\" \/><\/figure><\/div>\n\n\n<div class=\"wp-block-group alignwide dwa-artykuly has-background\" style=\"background-color:#65717f\"><div class=\"wp-block-group__inner-container is-layout-flow wp-block-group-is-layout-flow\">\n<div class=\"wp-block-media-text alignwide is-stacked-on-mobile artykul has-background\" style=\"background-color:#223345\"><figure class=\"wp-block-media-text__media\"><img decoding=\"async\" src=\"https:\/\/casuscon.uwr.edu.pl\/wp-content\/uploads\/sites\/27\/2021\/04\/component-1024x512.png\" alt=\"\" class=\"wp-image-34 size-full\" \/><\/figure><div class=\"wp-block-media-text__content\">\n<h3 class=\"has-white-color has-text-color wp-block-heading\" style=\"font-size:22px\">Uczelnia Badawcza &#8211; aplikacja, recenzja i \u2026 wielka szansa!<\/h3>\n\n\n<p class=\"has-white-color has-text-color has-normal-font-size\">W pi\u0105tek, 11 pa\u017adziernika 2019 r., mi\u0119dzynarodowy zesp\u00f3\u0142 ekspert\u00f3w przekaza\u0142 ocen\u0119 naszej aplikacji w programie Inicjatywa Doskona\u0142o\u015bci \u2013 Uczelnia Badawcza.<\/p>\n<\/div><\/div>\n\n\n<div class=\"wp-block-media-text alignwide is-stacked-on-mobile artykul has-background\" style=\"background-color:#084574\"><figure class=\"wp-block-media-text__media\"><img decoding=\"async\" src=\"https:\/\/casuscon.uwr.edu.pl\/wp-content\/uploads\/sites\/27\/2021\/04\/57e8d6454e56a914f6da8c7dda793179113ac3e456567049732b7cdc9f_640.jpg\" alt=\"\" class=\"wp-image-282 size-full\" \/><\/figure><div class=\"wp-block-media-text__content\">\n<h3 class=\"has-white-color has-text-color wp-block-heading\" style=\"font-size:22px\">Wroc\u0142awska prosta polszczyzna w urz\u0119dach stolicy!<\/h3>\n\n\n<p class=\"has-white-color has-text-color has-normal-font-size\">Najpierw by\u0142 du\u017cy audyt tekst\u00f3w Urz\u0119du Miejskiego Warszawy, w efekcie kt\u00f3rego powsta\u0142 raport i poradnik. A p\u00f3\u017aniej zamiast szkolenia urz\u0119dnik\u00f3w z upraszczania pism \u2013 szkolenia dla wewn\u0119trznych konsultant\u00f3w [\u2026]<\/p>\n<\/div><\/div>\n<\/div><\/div>\n\n\n<div class=\"wp-block-bonasoft-modular-units-display animated slideInUp duration2 eds-on-scroll\"><div class=\"bs__units\"><h3 class=\"bs__units__block-title\">Jednostki<\/h3><div class=\"bs__units__section\"><ul class=\"bs__units__list\"><li><a href=\"#\">Test<\/a><\/li><li><a href=\"#\">Test<\/a><\/li><li><a href=\"#\">Test<\/a><\/li><li><a href=\"#\">Test<\/a><\/li><li><a href=\"#\">Test<\/a><\/li><li><a href=\"#\">Test<\/a><\/li><li><a href=\"#\">Test<\/a><\/li><li><a href=\"#\">Test<\/a><\/li><li><a href=\"#\">Test<\/a><\/li><li><a href=\"#\">Test<\/a><\/li><li><a href=\"#\">Test<\/a><\/li><li><a href=\"#\">Test<\/a><\/li><\/ul><\/div><\/div><\/div>\n\n\n<div style=\"height:100px\" aria-hidden=\"true\" class=\"wp-block-spacer\"><\/div>\n\n\n<div class=\"wp-block-columns is-layout-flex wp-block-columns-is-layout-flex\">\n<div class=\"wp-block-column bs-long-news-sidebar-text-column-with-photo is-layout-flow wp-block-column-is-layout-flow\" style=\"flex-basis:25%\">\n<figure class=\"wp-block-image alignwide size-large\"><img decoding=\"async\" src=\"https:\/\/casuscon.uwr.edu.pl\/wp-content\/uploads\/sites\/27\/2021\/05\/DSC06267-1024x683.jpg\" alt=\"\" class=\"wp-image-4278\" \/><\/figure>\n\n\n<hr class=\"wp-block-separator has-text-color has-background has-black-background-color has-black-color is-style-wide bs-border-sidebar-news\" \/>\n\n<h1 style=\"font-style:normal;font-weight:700;\" class=\"has-text-align-center bs-naglowek-podstrony wp-block-post-title\">Strona G\u0142\u00f3wna2 ( do edycji uk\u0142adu czasowego strony)<\/h1><\/div>\n\n\n<div class=\"wp-block-column is-layout-flow wp-block-column-is-layout-flow\" style=\"flex-basis:20%\"><\/div>\n\n\n<div class=\"wp-block-column bs-long-news-right-text-column is-layout-flow wp-block-column-is-layout-flow\" style=\"flex-basis:50%\">\n<p class=\"has-text-align-center\"><strong>TYTU\u0141<\/strong><\/p>\n\n\n<p class=\"has-text-align-center\"><strong><em>Pole na tekst<\/em><\/strong><\/p>\n\n\n<p><strong><u>Pole na tekst<br \/><\/u><\/strong><strong>I. Pole na tekst:<\/strong><\/p>\n\n\n<ol class=\"wp-block-list\"><li><em>Element listy<\/em><\/li><li><em>Element listy<\/em><\/li><li><em>Element listy<\/em><\/li><\/ol>\n\n\n<p><strong>II.&nbsp; Pole na tekst:<\/strong><\/p>\n\n\n<ol class=\"wp-block-list\"><li><em>Element listy<\/em><\/li><li><em>Element listy<\/em><\/li><li><em>Element listy<\/em><\/li><\/ol>\n\n\n<p><strong>III.<strong> Pole na tekst:<\/strong><br \/>IV. <strong>Pole na tekst:<\/strong><br \/><\/strong><\/p>\n\n\n<p><em>Pole na tekst<\/em><\/p>\n<\/div>\n<\/div>\n\n\n<p><\/p>\n","protected":false},"excerpt":{"rendered":"<p>Uczelnia Badawcza &#8211; aplikacja, recenzja i \u2026 wielka szansa! W pi\u0105tek, 11 pa\u017adziernika 2019 r., mi\u0119dzynarodowy zesp\u00f3\u0142 ekspert\u00f3w przekaza\u0142 ocen\u0119 naszej aplikacji w programie Inicjatywa Doskona\u0142o\u015bci \u2013 Uczelnia Badawcza. Wroc\u0142awska prosta polszczyzna w urz\u0119dach stolicy! Najpierw by\u0142 du\u017cy audyt tekst\u00f3w Urz\u0119du Miejskiego Warszawy, w efekcie kt\u00f3rego powsta\u0142 raport i poradnik. A p\u00f3\u017aniej zamiast szkolenia urz\u0119dnik\u00f3w [&hellip;]<\/p>\n","protected":false},"author":20,"featured_media":0,"parent":0,"menu_order":0,"comment_status":"closed","ping_status":"closed","template":"","meta":{"_acf_changed":false,"inline_featured_image":false,"site-sidebar-layout":"no-sidebar","site-content-layout":"page-builder","ast-site-content-layout":"default","site-content-style":"default","site-sidebar-style":"default","ast-global-header-display":"","ast-banner-title-visibility":"","ast-main-header-display":"","ast-hfb-above-header-display":"","ast-hfb-below-header-display":"","ast-hfb-mobile-header-display":"","site-post-title":"disabled","ast-breadcrumbs-content":"","ast-featured-img":"","footer-sml-layout":"","ast-disable-related-posts":"","theme-transparent-header-meta":"default","adv-header-id-meta":"","stick-header-meta":"","header-above-stick-meta":"","header-main-stick-meta":"","header-below-stick-meta":"","astra-migrate-meta-layouts":"default","ast-page-background-enabled":"default","ast-page-background-meta":{"desktop":{"background-color":"","background-image":"","background-repeat":"repeat","background-position":"center center","background-size":"auto","background-attachment":"scroll","background-type":"","background-media":"","overlay-type":"","overlay-color":"","overlay-opacity":"","overlay-gradient":""},"tablet":{"background-color":"","background-image":"","background-repeat":"repeat","background-position":"center center","background-size":"auto","background-attachment":"scroll","background-type":"","background-media":"","overlay-type":"","overlay-color":"","overlay-opacity":"","overlay-gradient":""},"mobile":{"background-color":"","background-image":"","background-repeat":"repeat","background-position":"center center","background-size":"auto","background-attachment":"scroll","background-type":"","background-media":"","overlay-type":"","overlay-color":"","overlay-opacity":"","overlay-gradient":""}},"ast-content-background-meta":{"desktop":{"background-color":"var(--ast-global-color-5)","background-image":"","background-repeat":"repeat","background-position":"center center","background-size":"auto","background-attachment":"scroll","background-type":"","background-media":"","overlay-type":"","overlay-color":"","overlay-opacity":"","overlay-gradient":""},"tablet":{"background-color":"var(--ast-global-color-5)","background-image":"","background-repeat":"repeat","background-position":"center center","background-size":"auto","background-attachment":"scroll","background-type":"","background-media":"","overlay-type":"","overlay-color":"","overlay-opacity":"","overlay-gradient":""},"mobile":{"background-color":"var(--ast-global-color-5)","background-image":"","background-repeat":"repeat","background-position":"center center","background-size":"auto","background-attachment":"scroll","background-type":"","background-media":"","overlay-type":"","overlay-color":"","overlay-opacity":"","overlay-gradient":""}},"footnotes":""},"categories":[],"tags":[],"class_list":["post-478","page","type-page","status-publish","hentry"],"featured_image_urls_v2":{"full":"","thumbnail":"","medium":"","medium_large":"","large":"","1536x1536":"","2048x2048":"","menu-24x24":"","menu-36x36":"","menu-48x48":""},"post_excerpt_stackable_v2":"<p>Og\u0142oszenia Show All Aktualno\u015bci There is no news to display Na Skr\u00f3tyTestTestTest Wydarzenia There is no news to display Wpisz tytu\u0142Pole na tekst Wpisz tytu\u0142Pole na tekst Uczelnia Badawcza &#8211; aplikacja, recenzja i \u2026 wielka szansa! W pi\u0105tek, 11 pa\u017adziernika 2019 r., mi\u0119dzynarodowy zesp\u00f3\u0142 ekspert\u00f3w przekaza\u0142 ocen\u0119 naszej aplikacji w programie Inicjatywa Doskona\u0142o\u015bci \u2013 Uczelnia Badawcza. Wroc\u0142awska prosta polszczyzna w urz\u0119dach stolicy! Najpierw by\u0142 du\u017cy audyt tekst\u00f3w Urz\u0119du Miejskiego Warszawy, w efekcie kt\u00f3rego powsta\u0142 raport i poradnik. A p\u00f3\u017aniej zamiast szkolenia urz\u0119dnik\u00f3w z upraszczania pism \u2013 szkolenia dla wewn\u0119trznych konsultant\u00f3w [\u2026] JednostkiTestTestTestTestTestTestTestTestTestTestTestTest Strona G\u0142\u00f3wna2 ( do edycji uk\u0142adu czasowego strony)&hellip;<\/p>\n","category_list_v2":"Bez kategorii","author_info_v2":{"name":"mmatlinski","url":"https:\/\/casuscon.uwr.edu.pl\/pl\/author\/mmatlinski\/"},"comments_num_v2":"0 comments","acf":[],"yoast_head":"<!-- This site is optimized with the Yoast SEO plugin v27.1.1 - https:\/\/yoast.com\/product\/yoast-seo-wordpress\/ -->\n<title>Strona G\u0142\u00f3wna2 ( do edycji uk\u0142adu czasowego strony) - CASUSCON<\/title>\n<meta name=\"description\" content=\"UWr-CASUS-HZDR International Conference on Advanced Systems Research (CASUSCON)\" \/>\n<meta name=\"robots\" content=\"index, follow, max-snippet:-1, max-image-preview:large, max-video-preview:-1\" \/>\n<link rel=\"canonical\" href=\"https:\/\/casuscon.uwr.edu.pl\/pl\/strona-glowna2-do-edycji-ukladu-czasowego-strony\/\" \/>\n<meta property=\"og:locale\" content=\"pl_PL\" \/>\n<meta property=\"og:type\" content=\"article\" \/>\n<meta property=\"og:title\" content=\"Strona G\u0142\u00f3wna2 ( do edycji uk\u0142adu czasowego strony) - CASUSCON\" \/>\n<meta property=\"og:description\" content=\"UWr-CASUS-HZDR International Conference on Advanced Systems Research (CASUSCON)\" \/>\n<meta property=\"og:url\" content=\"https:\/\/casuscon.uwr.edu.pl\/pl\/strona-glowna2-do-edycji-ukladu-czasowego-strony\/\" \/>\n<meta property=\"og:site_name\" content=\"CASUSCON\" \/>\n<meta property=\"og:image\" content=\"https:\/\/casuscon.uwr.edu.pl\/wp-content\/uploads\/sites\/27\/2021\/04\/Group-609.png\" \/>\n<meta name=\"twitter:card\" content=\"summary_large_image\" \/>\n<meta name=\"twitter:label1\" content=\"Szacowany czas czytania\" \/>\n\t<meta name=\"twitter:data1\" content=\"2 minuty\" \/>\n<script type=\"application\/ld+json\" class=\"yoast-schema-graph\">{\"@context\":\"https:\/\/schema.org\",\"@graph\":[{\"@type\":\"WebPage\",\"@id\":\"https:\/\/casuscon.uwr.edu.pl\/pl\/strona-glowna2-do-edycji-ukladu-czasowego-strony\/\",\"url\":\"https:\/\/casuscon.uwr.edu.pl\/pl\/strona-glowna2-do-edycji-ukladu-czasowego-strony\/\",\"name\":\"Strona G\u0142\u00f3wna2 ( do edycji uk\u0142adu czasowego strony) - CASUSCON\",\"isPartOf\":{\"@id\":\"https:\/\/casuscon.uwr.edu.pl\/en\/#website\"},\"primaryImageOfPage\":{\"@id\":\"https:\/\/casuscon.uwr.edu.pl\/pl\/strona-glowna2-do-edycji-ukladu-czasowego-strony\/#primaryimage\"},\"image\":{\"@id\":\"https:\/\/casuscon.uwr.edu.pl\/pl\/strona-glowna2-do-edycji-ukladu-czasowego-strony\/#primaryimage\"},\"thumbnailUrl\":\"https:\/\/casuscon.uwr.edu.pl\/wp-content\/uploads\/sites\/27\/2021\/04\/Group-609.png\",\"datePublished\":\"2021-04-19T08:33:33+00:00\",\"description\":\"UWr-CASUS-HZDR International Conference on Advanced Systems Research (CASUSCON)\",\"breadcrumb\":{\"@id\":\"https:\/\/casuscon.uwr.edu.pl\/pl\/strona-glowna2-do-edycji-ukladu-czasowego-strony\/#breadcrumb\"},\"inLanguage\":\"pl-PL\",\"potentialAction\":[{\"@type\":\"ReadAction\",\"target\":[\"https:\/\/casuscon.uwr.edu.pl\/pl\/strona-glowna2-do-edycji-ukladu-czasowego-strony\/\"]}]},{\"@type\":\"ImageObject\",\"inLanguage\":\"pl-PL\",\"@id\":\"https:\/\/casuscon.uwr.edu.pl\/pl\/strona-glowna2-do-edycji-ukladu-czasowego-strony\/#primaryimage\",\"url\":\"https:\/\/casuscon.uwr.edu.pl\/wp-content\/uploads\/sites\/27\/2021\/04\/Group-609.png\",\"contentUrl\":\"https:\/\/casuscon.uwr.edu.pl\/wp-content\/uploads\/sites\/27\/2021\/04\/Group-609.png\"},{\"@type\":\"BreadcrumbList\",\"@id\":\"https:\/\/casuscon.uwr.edu.pl\/pl\/strona-glowna2-do-edycji-ukladu-czasowego-strony\/#breadcrumb\",\"itemListElement\":[{\"@type\":\"ListItem\",\"position\":1,\"name\":\"Main Page\",\"item\":\"https:\/\/casuscon.uwr.edu.pl\/en\/\"},{\"@type\":\"ListItem\",\"position\":2,\"name\":\"Strona G\u0142\u00f3wna2 ( do edycji uk\u0142adu czasowego strony)\"}]},{\"@type\":\"WebSite\",\"@id\":\"https:\/\/casuscon.uwr.edu.pl\/en\/#website\",\"url\":\"https:\/\/casuscon.uwr.edu.pl\/en\/\",\"name\":\"CASUSCON\",\"description\":\"Kolejna witryna sieci \u201eUWR Witryny\u201d\",\"publisher\":{\"@id\":\"https:\/\/casuscon.uwr.edu.pl\/en\/#organization\"},\"potentialAction\":[{\"@type\":\"SearchAction\",\"target\":{\"@type\":\"EntryPoint\",\"urlTemplate\":\"https:\/\/casuscon.uwr.edu.pl\/en\/?s={search_term_string}\"},\"query-input\":{\"@type\":\"PropertyValueSpecification\",\"valueRequired\":true,\"valueName\":\"search_term_string\"}}],\"inLanguage\":\"pl-PL\"},{\"@type\":\"Organization\",\"@id\":\"https:\/\/casuscon.uwr.edu.pl\/en\/#organization\",\"name\":\"CASUSCON\",\"url\":\"https:\/\/casuscon.uwr.edu.pl\/en\/\",\"logo\":{\"@type\":\"ImageObject\",\"inLanguage\":\"pl-PL\",\"@id\":\"https:\/\/casuscon.uwr.edu.pl\/en\/#\/schema\/logo\/image\/\",\"url\":\"https:\/\/casuscon.uwr.edu.pl\/wp-content\/uploads\/sites\/27\/2025\/10\/UWr-logotyp-2025.png\",\"contentUrl\":\"https:\/\/casuscon.uwr.edu.pl\/wp-content\/uploads\/sites\/27\/2025\/10\/UWr-logotyp-2025.png\",\"width\":764,\"height\":269,\"caption\":\"CASUSCON\"},\"image\":{\"@id\":\"https:\/\/casuscon.uwr.edu.pl\/en\/#\/schema\/logo\/image\/\"}}]}<\/script>\n<!-- \/ Yoast SEO plugin. -->","yoast_head_json":{"title":"Strona G\u0142\u00f3wna2 ( do edycji uk\u0142adu czasowego strony) - CASUSCON","description":"UWr-CASUS-HZDR International Conference on Advanced Systems Research (CASUSCON)","robots":{"index":"index","follow":"follow","max-snippet":"max-snippet:-1","max-image-preview":"max-image-preview:large","max-video-preview":"max-video-preview:-1"},"canonical":"https:\/\/casuscon.uwr.edu.pl\/pl\/strona-glowna2-do-edycji-ukladu-czasowego-strony\/","og_locale":"pl_PL","og_type":"article","og_title":"Strona G\u0142\u00f3wna2 ( do edycji uk\u0142adu czasowego strony) - CASUSCON","og_description":"UWr-CASUS-HZDR International Conference on Advanced Systems Research (CASUSCON)","og_url":"https:\/\/casuscon.uwr.edu.pl\/pl\/strona-glowna2-do-edycji-ukladu-czasowego-strony\/","og_site_name":"CASUSCON","og_image":[{"url":"https:\/\/casuscon.uwr.edu.pl\/wp-content\/uploads\/sites\/27\/2021\/04\/Group-609.png","type":"","width":"","height":""}],"twitter_card":"summary_large_image","twitter_misc":{"Szacowany czas czytania":"2 minuty"},"schema":{"@context":"https:\/\/schema.org","@graph":[{"@type":"WebPage","@id":"https:\/\/casuscon.uwr.edu.pl\/pl\/strona-glowna2-do-edycji-ukladu-czasowego-strony\/","url":"https:\/\/casuscon.uwr.edu.pl\/pl\/strona-glowna2-do-edycji-ukladu-czasowego-strony\/","name":"Strona G\u0142\u00f3wna2 ( do edycji uk\u0142adu czasowego strony) - CASUSCON","isPartOf":{"@id":"https:\/\/casuscon.uwr.edu.pl\/en\/#website"},"primaryImageOfPage":{"@id":"https:\/\/casuscon.uwr.edu.pl\/pl\/strona-glowna2-do-edycji-ukladu-czasowego-strony\/#primaryimage"},"image":{"@id":"https:\/\/casuscon.uwr.edu.pl\/pl\/strona-glowna2-do-edycji-ukladu-czasowego-strony\/#primaryimage"},"thumbnailUrl":"https:\/\/casuscon.uwr.edu.pl\/wp-content\/uploads\/sites\/27\/2021\/04\/Group-609.png","datePublished":"2021-04-19T08:33:33+00:00","description":"UWr-CASUS-HZDR International Conference on Advanced Systems Research (CASUSCON)","breadcrumb":{"@id":"https:\/\/casuscon.uwr.edu.pl\/pl\/strona-glowna2-do-edycji-ukladu-czasowego-strony\/#breadcrumb"},"inLanguage":"pl-PL","potentialAction":[{"@type":"ReadAction","target":["https:\/\/casuscon.uwr.edu.pl\/pl\/strona-glowna2-do-edycji-ukladu-czasowego-strony\/"]}]},{"@type":"ImageObject","inLanguage":"pl-PL","@id":"https:\/\/casuscon.uwr.edu.pl\/pl\/strona-glowna2-do-edycji-ukladu-czasowego-strony\/#primaryimage","url":"https:\/\/casuscon.uwr.edu.pl\/wp-content\/uploads\/sites\/27\/2021\/04\/Group-609.png","contentUrl":"https:\/\/casuscon.uwr.edu.pl\/wp-content\/uploads\/sites\/27\/2021\/04\/Group-609.png"},{"@type":"BreadcrumbList","@id":"https:\/\/casuscon.uwr.edu.pl\/pl\/strona-glowna2-do-edycji-ukladu-czasowego-strony\/#breadcrumb","itemListElement":[{"@type":"ListItem","position":1,"name":"Main Page","item":"https:\/\/casuscon.uwr.edu.pl\/en\/"},{"@type":"ListItem","position":2,"name":"Strona G\u0142\u00f3wna2 ( do edycji uk\u0142adu czasowego strony)"}]},{"@type":"WebSite","@id":"https:\/\/casuscon.uwr.edu.pl\/en\/#website","url":"https:\/\/casuscon.uwr.edu.pl\/en\/","name":"CASUSCON","description":"Kolejna witryna sieci \u201eUWR Witryny\u201d","publisher":{"@id":"https:\/\/casuscon.uwr.edu.pl\/en\/#organization"},"potentialAction":[{"@type":"SearchAction","target":{"@type":"EntryPoint","urlTemplate":"https:\/\/casuscon.uwr.edu.pl\/en\/?s={search_term_string}"},"query-input":{"@type":"PropertyValueSpecification","valueRequired":true,"valueName":"search_term_string"}}],"inLanguage":"pl-PL"},{"@type":"Organization","@id":"https:\/\/casuscon.uwr.edu.pl\/en\/#organization","name":"CASUSCON","url":"https:\/\/casuscon.uwr.edu.pl\/en\/","logo":{"@type":"ImageObject","inLanguage":"pl-PL","@id":"https:\/\/casuscon.uwr.edu.pl\/en\/#\/schema\/logo\/image\/","url":"https:\/\/casuscon.uwr.edu.pl\/wp-content\/uploads\/sites\/27\/2025\/10\/UWr-logotyp-2025.png","contentUrl":"https:\/\/casuscon.uwr.edu.pl\/wp-content\/uploads\/sites\/27\/2025\/10\/UWr-logotyp-2025.png","width":764,"height":269,"caption":"CASUSCON"},"image":{"@id":"https:\/\/casuscon.uwr.edu.pl\/en\/#\/schema\/logo\/image\/"}}]}},"publishpress_future_action":{"enabled":false,"date":"2026-04-23 09:31:04","action":"change-status","newStatus":"draft","terms":[],"taxonomy":"category","extraData":[]},"publishpress_future_workflow_manual_trigger":{"enabledWorkflows":[]},"_links":{"self":[{"href":"https:\/\/casuscon.uwr.edu.pl\/pl\/wp-json\/wp\/v2\/pages\/478\/"}],"collection":[{"href":"https:\/\/casuscon.uwr.edu.pl\/pl\/wp-json\/wp\/v2\/pages\/"}],"about":[{"href":"https:\/\/casuscon.uwr.edu.pl\/pl\/wp-json\/wp\/v2\/types\/page\/"}],"author":[{"embeddable":true,"href":"https:\/\/casuscon.uwr.edu.pl\/pl\/wp-json\/wp\/v2\/users\/20\/"}],"replies":[{"embeddable":true,"href":"https:\/\/casuscon.uwr.edu.pl\/pl\/wp-json\/wp\/v2\/comments\/?post=478"}],"version-history":[{"count":0,"href":"https:\/\/casuscon.uwr.edu.pl\/pl\/wp-json\/wp\/v2\/pages\/478\/revisions\/"}],"wp:attachment":[{"href":"https:\/\/casuscon.uwr.edu.pl\/pl\/wp-json\/wp\/v2\/media\/?parent=478"}],"wp:term":[{"taxonomy":"category","embeddable":true,"href":"https:\/\/casuscon.uwr.edu.pl\/pl\/wp-json\/wp\/v2\/categories\/?post=478"},{"taxonomy":"post_tag","embeddable":true,"href":"https:\/\/casuscon.uwr.edu.pl\/pl\/wp-json\/wp\/v2\/tags\/?post=478"}],"curies":[{"name":"wp","href":"https:\/\/api.w.org\/{rel}","templated":true}]}}