{"id":20193,"date":"2022-01-21T13:31:04","date_gmt":"2022-01-21T12:31:04","guid":{"rendered":"https:\/\/casuscon.test.uwr.edu.pl\/sekretariat-szkoly-doktorskiej-3\/"},"modified":"2022-01-21T13:31:04","modified_gmt":"2022-01-21T12:31:04","slug":"sekretariat-szkoly-doktorskiej-3","status":"publish","type":"page","link":"https:\/\/casuscon.uwr.edu.pl\/pl\/sekretariat-szkoly-doktorskiej-3\/","title":{"rendered":"Strona po angielsku"},"content":{"rendered":"\n<div class=\"wp-block-ugb-container ugb-container ugb-8dda971 ugb-container--v2 ugb-container--design-plain ugb-main-block\"><div class=\"ugb-inner-block\"><div class=\"ugb-block-content\"><div class=\"ugb-container__wrapper ugb-8dda971-wrapper\"><div class=\"ugb-container__side\"><div class=\"ugb-container__content-wrapper ugb-8dda971-content-wrapper\">\n<div class=\"wp-block-columns bs-news-page is-layout-flex wp-block-columns-is-layout-flex\">\n<div class=\"wp-block-column bs-kontakt-photo is-layout-flow wp-block-column-is-layout-flow\">\n<figure class=\"wp-block-image size-large\"><img decoding=\"async\" src=\"https:\/\/casuscon.uwr.edu.pl\/wp-content\/uploads\/sites\/27\/2021\/05\/DSC06267-1024x683.jpg\" alt=\"\" class=\"wp-image-4281\" \/><\/figure>\n<\/div>\n\n\n<div class=\"wp-block-column bs-contact-right-column is-layout-flow wp-block-column-is-layout-flow\">\n<div class=\"wp-block-bonasoft-modular-breadcrumbs-block\"><div class=\"bs_add_breadcrumb_trail\"><\/div><\/div>\n\n\n<hr class=\"wp-block-separator has-text-color has-background has-black-background-color has-black-color is-style-wide bs-border-kontakt\" \/>\n\n\n<h1 class=\"bs-naglowek-podstrony wp-block-heading\"><strong>Sekretariat Szko\u0142y Doktorskiej Strona<\/strong><\/h1>\n\n\n<p>PrzIn placerat, lacus a pharetra semper, dolor ipsum suscipit turpis, sed dapibus velit mauris nec turpis. In ultricies erat quis lacus sagittis varius. Sed vitae varius ante. Vivamus vestibulum nisi vel lacus scelerisque luctus. Praesent vel dui quis mi sagittis elementum id eget lacus. Cras id ornare est, quis pharetra eros. Quisque at odio id mi dapibus euismod quis ut eros.yk\u0142adowy tekst<\/p>\n<\/div>\n<\/div>\n\n\n<div class=\"wp-block-ugb-container ugb-container bs-news-page-under ugb-f8694ce ugb-container--v2 ugb-container--design-plain ugb-main-block\"><div class=\"ugb-inner-block\"><div class=\"ugb-block-content\"><div class=\"ugb-container__wrapper ugb-f8694ce-wrapper\"><div class=\"ugb-container__side\"><div class=\"ugb-container__content-wrapper ugb-f8694ce-content-wrapper\">\n<p>Tutaj mo\u017cna wstawi\u0107 dodatkow\u0105 tre\u015b\u0107.  In placerat, lacus a pharetra semper, dolor ipsum suscipit turpis, sed dapibus velit mauris nec turpis. In ultricies erat quis lacus sagittis varius. Sed vitae varius ante. Vivamus vestibulum nisi vel lacus scelerisque luctus. Praesent vel dui quis mi sagittis elementum id eget lacus. Cras id ornare est, quis pharetra eros. Quisque at odio id mi dapibus euismod quis ut eros. In placerat, lacus a pharetra semper, dolor ipsum suscipit turpis, sed dapibus velit mauris nec turpis. In ultricies erat quis lacus sagittis varius. Sed vitae varius ante. Vivamus vestibulum nisi vel lacus scelerisque luctus. Praesent vel dui quis mi sagittis elementum id eget lacus. Cras id ornare est, quis pharetra eros. Quisque at odio id mi dapibus euismod quis ut eros.<\/p>\n<\/div><\/div><\/div><\/div><\/div><\/div>\n<\/div><\/div><\/div><\/div><\/div><\/div>\n","protected":false},"excerpt":{"rendered":"<p>Sekretariat Szko\u0142y Doktorskiej Strona PrzIn placerat, lacus a pharetra semper, dolor ipsum suscipit turpis, sed dapibus velit mauris nec turpis. In ultricies erat quis lacus sagittis varius. Sed vitae varius ante. Vivamus vestibulum nisi vel lacus scelerisque luctus. Praesent vel dui quis mi sagittis elementum id eget lacus. Cras id ornare est, quis pharetra eros. [&hellip;]<\/p>\n","protected":false},"author":132,"featured_media":0,"parent":0,"menu_order":0,"comment_status":"closed","ping_status":"closed","template":"","meta":{"_acf_changed":false,"inline_featured_image":false,"site-sidebar-layout":"default","site-content-layout":"","ast-site-content-layout":"default","site-content-style":"default","site-sidebar-style":"default","ast-global-header-display":"","ast-banner-title-visibility":"","ast-main-header-display":"","ast-hfb-above-header-display":"","ast-hfb-below-header-display":"","ast-hfb-mobile-header-display":"","site-post-title":"","ast-breadcrumbs-content":"","ast-featured-img":"","footer-sml-layout":"","ast-disable-related-posts":"","theme-transparent-header-meta":"","adv-header-id-meta":"","stick-header-meta":"","header-above-stick-meta":"","header-main-stick-meta":"","header-below-stick-meta":"","astra-migrate-meta-layouts":"default","ast-page-background-enabled":"default","ast-page-background-meta":{"desktop":{"background-color":"","background-image":"","background-repeat":"repeat","background-position":"center center","background-size":"auto","background-attachment":"scroll","background-type":"","background-media":"","overlay-type":"","overlay-color":"","overlay-opacity":"","overlay-gradient":""},"tablet":{"background-color":"","background-image":"","background-repeat":"repeat","background-position":"center center","background-size":"auto","background-attachment":"scroll","background-type":"","background-media":"","overlay-type":"","overlay-color":"","overlay-opacity":"","overlay-gradient":""},"mobile":{"background-color":"","background-image":"","background-repeat":"repeat","background-position":"center center","background-size":"auto","background-attachment":"scroll","background-type":"","background-media":"","overlay-type":"","overlay-color":"","overlay-opacity":"","overlay-gradient":""}},"ast-content-background-meta":{"desktop":{"background-color":"var(--ast-global-color-5)","background-image":"","background-repeat":"repeat","background-position":"center center","background-size":"auto","background-attachment":"scroll","background-type":"","background-media":"","overlay-type":"","overlay-color":"","overlay-opacity":"","overlay-gradient":""},"tablet":{"background-color":"var(--ast-global-color-5)","background-image":"","background-repeat":"repeat","background-position":"center center","background-size":"auto","background-attachment":"scroll","background-type":"","background-media":"","overlay-type":"","overlay-color":"","overlay-opacity":"","overlay-gradient":""},"mobile":{"background-color":"var(--ast-global-color-5)","background-image":"","background-repeat":"repeat","background-position":"center center","background-size":"auto","background-attachment":"scroll","background-type":"","background-media":"","overlay-type":"","overlay-color":"","overlay-opacity":"","overlay-gradient":""}},"footnotes":""},"categories":[],"tags":[],"class_list":["post-20193","page","type-page","status-publish","hentry"],"featured_image_urls_v2":{"full":"","thumbnail":"","medium":"","medium_large":"","large":"","1536x1536":"","2048x2048":"","menu-24x24":"","menu-36x36":"","menu-48x48":""},"post_excerpt_stackable_v2":"<p>Sekretariat Szko\u0142y Doktorskiej Strona PrzIn placerat, lacus a pharetra semper, dolor ipsum suscipit turpis, sed dapibus velit mauris nec turpis. In ultricies erat quis lacus sagittis varius. Sed vitae varius ante. Vivamus vestibulum nisi vel lacus scelerisque luctus. Praesent vel dui quis mi sagittis elementum id eget lacus. Cras id ornare est, quis pharetra eros. Quisque at odio id mi dapibus euismod quis ut eros.yk\u0142adowy tekst Tutaj mo\u017cna wstawi\u0107 dodatkow\u0105 tre\u015b\u0107. In placerat, lacus a pharetra semper, dolor ipsum suscipit turpis, sed dapibus velit mauris nec turpis. In ultricies erat quis lacus sagittis varius. Sed vitae varius ante. Vivamus vestibulum&hellip;<\/p>\n","category_list_v2":"Bez kategorii","author_info_v2":{"name":"jczech","url":"https:\/\/casuscon.uwr.edu.pl\/pl\/author\/jczech\/"},"comments_num_v2":"0 comments","acf":[],"yoast_head":"<!-- This site is optimized with the Yoast SEO plugin v27.1.1 - https:\/\/yoast.com\/product\/yoast-seo-wordpress\/ -->\n<title>Strona po angielsku - CASUSCON<\/title>\n<meta name=\"description\" content=\"UWr-CASUS-HZDR International Conference on Advanced Systems Research (CASUSCON)\" \/>\n<meta name=\"robots\" content=\"index, follow, max-snippet:-1, max-image-preview:large, max-video-preview:-1\" \/>\n<link rel=\"canonical\" href=\"https:\/\/casuscon.uwr.edu.pl\/pl\/sekretariat-szkoly-doktorskiej-3\/\" \/>\n<meta property=\"og:locale\" content=\"pl_PL\" \/>\n<meta property=\"og:type\" content=\"article\" \/>\n<meta property=\"og:title\" content=\"Strona po angielsku - CASUSCON\" \/>\n<meta property=\"og:description\" content=\"UWr-CASUS-HZDR International Conference on Advanced Systems Research (CASUSCON)\" \/>\n<meta property=\"og:url\" content=\"https:\/\/casuscon.uwr.edu.pl\/pl\/sekretariat-szkoly-doktorskiej-3\/\" \/>\n<meta property=\"og:site_name\" content=\"CASUSCON\" \/>\n<meta property=\"og:image\" content=\"https:\/\/casuscon.uwr.edu.pl\/wp-content\/uploads\/sites\/27\/2021\/05\/DSC06267-1024x683.jpg\" \/>\n<meta name=\"twitter:card\" content=\"summary_large_image\" \/>\n<meta name=\"twitter:label1\" content=\"Szacowany czas czytania\" \/>\n\t<meta name=\"twitter:data1\" content=\"2 minuty\" \/>\n<script type=\"application\/ld+json\" class=\"yoast-schema-graph\">{\"@context\":\"https:\/\/schema.org\",\"@graph\":[{\"@type\":\"WebPage\",\"@id\":\"https:\/\/casuscon.uwr.edu.pl\/pl\/sekretariat-szkoly-doktorskiej-3\/\",\"url\":\"https:\/\/casuscon.uwr.edu.pl\/pl\/sekretariat-szkoly-doktorskiej-3\/\",\"name\":\"Strona po angielsku - CASUSCON\",\"isPartOf\":{\"@id\":\"https:\/\/casuscon.uwr.edu.pl\/en\/#website\"},\"primaryImageOfPage\":{\"@id\":\"https:\/\/casuscon.uwr.edu.pl\/pl\/sekretariat-szkoly-doktorskiej-3\/#primaryimage\"},\"image\":{\"@id\":\"https:\/\/casuscon.uwr.edu.pl\/pl\/sekretariat-szkoly-doktorskiej-3\/#primaryimage\"},\"thumbnailUrl\":\"https:\/\/casuscon.uwr.edu.pl\/wp-content\/uploads\/sites\/27\/2021\/05\/DSC06267-1024x683.jpg\",\"datePublished\":\"2022-01-21T12:31:04+00:00\",\"description\":\"UWr-CASUS-HZDR International Conference on Advanced Systems Research (CASUSCON)\",\"breadcrumb\":{\"@id\":\"https:\/\/casuscon.uwr.edu.pl\/pl\/sekretariat-szkoly-doktorskiej-3\/#breadcrumb\"},\"inLanguage\":\"pl-PL\",\"potentialAction\":[{\"@type\":\"ReadAction\",\"target\":[\"https:\/\/casuscon.uwr.edu.pl\/pl\/sekretariat-szkoly-doktorskiej-3\/\"]}]},{\"@type\":\"ImageObject\",\"inLanguage\":\"pl-PL\",\"@id\":\"https:\/\/casuscon.uwr.edu.pl\/pl\/sekretariat-szkoly-doktorskiej-3\/#primaryimage\",\"url\":\"https:\/\/casuscon.uwr.edu.pl\/wp-content\/uploads\/sites\/27\/2021\/05\/DSC06267-1024x683.jpg\",\"contentUrl\":\"https:\/\/casuscon.uwr.edu.pl\/wp-content\/uploads\/sites\/27\/2021\/05\/DSC06267-1024x683.jpg\"},{\"@type\":\"BreadcrumbList\",\"@id\":\"https:\/\/casuscon.uwr.edu.pl\/pl\/sekretariat-szkoly-doktorskiej-3\/#breadcrumb\",\"itemListElement\":[{\"@type\":\"ListItem\",\"position\":1,\"name\":\"Main Page\",\"item\":\"https:\/\/casuscon.uwr.edu.pl\/en\/\"},{\"@type\":\"ListItem\",\"position\":2,\"name\":\"Strona po angielsku\"}]},{\"@type\":\"WebSite\",\"@id\":\"https:\/\/casuscon.uwr.edu.pl\/en\/#website\",\"url\":\"https:\/\/casuscon.uwr.edu.pl\/en\/\",\"name\":\"CASUSCON\",\"description\":\"Kolejna witryna sieci \u201eUWR Witryny\u201d\",\"publisher\":{\"@id\":\"https:\/\/casuscon.uwr.edu.pl\/en\/#organization\"},\"potentialAction\":[{\"@type\":\"SearchAction\",\"target\":{\"@type\":\"EntryPoint\",\"urlTemplate\":\"https:\/\/casuscon.uwr.edu.pl\/en\/?s={search_term_string}\"},\"query-input\":{\"@type\":\"PropertyValueSpecification\",\"valueRequired\":true,\"valueName\":\"search_term_string\"}}],\"inLanguage\":\"pl-PL\"},{\"@type\":\"Organization\",\"@id\":\"https:\/\/casuscon.uwr.edu.pl\/en\/#organization\",\"name\":\"CASUSCON\",\"url\":\"https:\/\/casuscon.uwr.edu.pl\/en\/\",\"logo\":{\"@type\":\"ImageObject\",\"inLanguage\":\"pl-PL\",\"@id\":\"https:\/\/casuscon.uwr.edu.pl\/en\/#\/schema\/logo\/image\/\",\"url\":\"https:\/\/casuscon.uwr.edu.pl\/wp-content\/uploads\/sites\/27\/2025\/10\/UWr-logotyp-2025.png\",\"contentUrl\":\"https:\/\/casuscon.uwr.edu.pl\/wp-content\/uploads\/sites\/27\/2025\/10\/UWr-logotyp-2025.png\",\"width\":764,\"height\":269,\"caption\":\"CASUSCON\"},\"image\":{\"@id\":\"https:\/\/casuscon.uwr.edu.pl\/en\/#\/schema\/logo\/image\/\"}}]}<\/script>\n<!-- \/ Yoast SEO plugin. -->","yoast_head_json":{"title":"Strona po angielsku - CASUSCON","description":"UWr-CASUS-HZDR International Conference on Advanced Systems Research (CASUSCON)","robots":{"index":"index","follow":"follow","max-snippet":"max-snippet:-1","max-image-preview":"max-image-preview:large","max-video-preview":"max-video-preview:-1"},"canonical":"https:\/\/casuscon.uwr.edu.pl\/pl\/sekretariat-szkoly-doktorskiej-3\/","og_locale":"pl_PL","og_type":"article","og_title":"Strona po angielsku - CASUSCON","og_description":"UWr-CASUS-HZDR International Conference on Advanced Systems Research (CASUSCON)","og_url":"https:\/\/casuscon.uwr.edu.pl\/pl\/sekretariat-szkoly-doktorskiej-3\/","og_site_name":"CASUSCON","og_image":[{"url":"https:\/\/casuscon.uwr.edu.pl\/wp-content\/uploads\/sites\/27\/2021\/05\/DSC06267-1024x683.jpg","type":"","width":"","height":""}],"twitter_card":"summary_large_image","twitter_misc":{"Szacowany czas czytania":"2 minuty"},"schema":{"@context":"https:\/\/schema.org","@graph":[{"@type":"WebPage","@id":"https:\/\/casuscon.uwr.edu.pl\/pl\/sekretariat-szkoly-doktorskiej-3\/","url":"https:\/\/casuscon.uwr.edu.pl\/pl\/sekretariat-szkoly-doktorskiej-3\/","name":"Strona po angielsku - CASUSCON","isPartOf":{"@id":"https:\/\/casuscon.uwr.edu.pl\/en\/#website"},"primaryImageOfPage":{"@id":"https:\/\/casuscon.uwr.edu.pl\/pl\/sekretariat-szkoly-doktorskiej-3\/#primaryimage"},"image":{"@id":"https:\/\/casuscon.uwr.edu.pl\/pl\/sekretariat-szkoly-doktorskiej-3\/#primaryimage"},"thumbnailUrl":"https:\/\/casuscon.uwr.edu.pl\/wp-content\/uploads\/sites\/27\/2021\/05\/DSC06267-1024x683.jpg","datePublished":"2022-01-21T12:31:04+00:00","description":"UWr-CASUS-HZDR International Conference on Advanced Systems Research (CASUSCON)","breadcrumb":{"@id":"https:\/\/casuscon.uwr.edu.pl\/pl\/sekretariat-szkoly-doktorskiej-3\/#breadcrumb"},"inLanguage":"pl-PL","potentialAction":[{"@type":"ReadAction","target":["https:\/\/casuscon.uwr.edu.pl\/pl\/sekretariat-szkoly-doktorskiej-3\/"]}]},{"@type":"ImageObject","inLanguage":"pl-PL","@id":"https:\/\/casuscon.uwr.edu.pl\/pl\/sekretariat-szkoly-doktorskiej-3\/#primaryimage","url":"https:\/\/casuscon.uwr.edu.pl\/wp-content\/uploads\/sites\/27\/2021\/05\/DSC06267-1024x683.jpg","contentUrl":"https:\/\/casuscon.uwr.edu.pl\/wp-content\/uploads\/sites\/27\/2021\/05\/DSC06267-1024x683.jpg"},{"@type":"BreadcrumbList","@id":"https:\/\/casuscon.uwr.edu.pl\/pl\/sekretariat-szkoly-doktorskiej-3\/#breadcrumb","itemListElement":[{"@type":"ListItem","position":1,"name":"Main Page","item":"https:\/\/casuscon.uwr.edu.pl\/en\/"},{"@type":"ListItem","position":2,"name":"Strona po angielsku"}]},{"@type":"WebSite","@id":"https:\/\/casuscon.uwr.edu.pl\/en\/#website","url":"https:\/\/casuscon.uwr.edu.pl\/en\/","name":"CASUSCON","description":"Kolejna witryna sieci \u201eUWR Witryny\u201d","publisher":{"@id":"https:\/\/casuscon.uwr.edu.pl\/en\/#organization"},"potentialAction":[{"@type":"SearchAction","target":{"@type":"EntryPoint","urlTemplate":"https:\/\/casuscon.uwr.edu.pl\/en\/?s={search_term_string}"},"query-input":{"@type":"PropertyValueSpecification","valueRequired":true,"valueName":"search_term_string"}}],"inLanguage":"pl-PL"},{"@type":"Organization","@id":"https:\/\/casuscon.uwr.edu.pl\/en\/#organization","name":"CASUSCON","url":"https:\/\/casuscon.uwr.edu.pl\/en\/","logo":{"@type":"ImageObject","inLanguage":"pl-PL","@id":"https:\/\/casuscon.uwr.edu.pl\/en\/#\/schema\/logo\/image\/","url":"https:\/\/casuscon.uwr.edu.pl\/wp-content\/uploads\/sites\/27\/2025\/10\/UWr-logotyp-2025.png","contentUrl":"https:\/\/casuscon.uwr.edu.pl\/wp-content\/uploads\/sites\/27\/2025\/10\/UWr-logotyp-2025.png","width":764,"height":269,"caption":"CASUSCON"},"image":{"@id":"https:\/\/casuscon.uwr.edu.pl\/en\/#\/schema\/logo\/image\/"}}]}},"publishpress_future_action":{"enabled":false,"date":"2026-04-23 09:31:01","action":"change-status","newStatus":"draft","terms":[],"taxonomy":"category","extraData":[]},"publishpress_future_workflow_manual_trigger":{"enabledWorkflows":[]},"_links":{"self":[{"href":"https:\/\/casuscon.uwr.edu.pl\/pl\/wp-json\/wp\/v2\/pages\/20193\/"}],"collection":[{"href":"https:\/\/casuscon.uwr.edu.pl\/pl\/wp-json\/wp\/v2\/pages\/"}],"about":[{"href":"https:\/\/casuscon.uwr.edu.pl\/pl\/wp-json\/wp\/v2\/types\/page\/"}],"author":[{"embeddable":true,"href":"https:\/\/casuscon.uwr.edu.pl\/pl\/wp-json\/wp\/v2\/users\/132\/"}],"replies":[{"embeddable":true,"href":"https:\/\/casuscon.uwr.edu.pl\/pl\/wp-json\/wp\/v2\/comments\/?post=20193"}],"version-history":[{"count":0,"href":"https:\/\/casuscon.uwr.edu.pl\/pl\/wp-json\/wp\/v2\/pages\/20193\/revisions\/"}],"wp:attachment":[{"href":"https:\/\/casuscon.uwr.edu.pl\/pl\/wp-json\/wp\/v2\/media\/?parent=20193"}],"wp:term":[{"taxonomy":"category","embeddable":true,"href":"https:\/\/casuscon.uwr.edu.pl\/pl\/wp-json\/wp\/v2\/categories\/?post=20193"},{"taxonomy":"post_tag","embeddable":true,"href":"https:\/\/casuscon.uwr.edu.pl\/pl\/wp-json\/wp\/v2\/tags\/?post=20193"}],"curies":[{"name":"wp","href":"https:\/\/api.w.org\/{rel}","templated":true}]}}