{"id":11322,"date":"2021-11-16T15:41:54","date_gmt":"2021-11-16T14:41:54","guid":{"rendered":"https:\/\/casuscon.test.uwr.edu.pl\/?page_id=11322"},"modified":"2021-11-16T15:41:54","modified_gmt":"2021-11-16T14:41:54","slug":"test-wydarzen-z-glownej","status":"publish","type":"page","link":"https:\/\/casuscon.uwr.edu.pl\/pl\/test-wydarzen-z-glownej\/","title":{"rendered":"Test wydarze\u0144 z g\u0142\u00f3wnej"},"content":{"rendered":"<!-- <select name=\"\" id=\"\"><\/select>\n<button action><\/button> -->\n<div class=\"container gridPosts\">\n    <div class=\"row\">\n        \n                    <div class=\"buttons\">\n    <\/div>\n\n            <\/div>\n\n                <div class=\"row hidden-md-up postsGridWrap\">\n                \n<div class=\"col-md-3 mb-2 mt-2\">\n    <div class=\"posts-card m-auto\">\n        <a href=\"https:\/\/uwr.edu.pl\/reanaliza-danych-jaki-wplyw-na-wyniki-badan-ma-ich-metodologia\/\">\n        <div class=\"posttype\">\n            <img decoding=\"async\" src=\"https:\/\/test.uwr.edu.pl\/wp-content\/uploads\/2021\/07\/wydzial-Prawa-Administracji-i-Ekonomii-fot-Dominika-Hull_Prawo_www.jpg\" class=\"card-img-top\" alt=\"Przyk\u0142adowe zdj\u0119cie\">\n        <\/div>\n            <div class=\"card-body p-2\">\n                <h5 class=\"card-title\">Reanaliza danych \u2013 jaki wp\u0142yw na wyniki bada\u0144 ma ich metodologia?<\/h5>\n                <span class=\"badge bg-secondary mb-2\"> Uniwersytet Wroc\u0142awski  <\/span>\n                <p class=\"card-text\">Dwoje naukowc\u00f3w z Uniwersytetu Wroc\u0142awskiego: dr Micha\u0142 Misiak oraz dr Marta Kowal, wzi\u0119li udzia\u0142 w ogromnym\u2026<\/p>\n            <\/div>\n        <\/a>\n    <\/div>\n<\/div>\n\n\n<div class=\"col-md-3 mb-2 mt-2\">\n    <div class=\"posts-card m-auto\">\n        <a href=\"https:\/\/uwr.edu.pl\/wspolpraca-uwr-z-policja-w-walce-z-cyberprzestepczoscia\/\">\n        <div class=\"posttype\">\n            <img decoding=\"async\" src=\"https:\/\/test.uwr.edu.pl\/wp-content\/uploads\/2021\/07\/wydzial-Prawa-Administracji-i-Ekonomii-fot-Dominika-Hull_Prawo_www.jpg\" class=\"card-img-top\" alt=\"Przyk\u0142adowe zdj\u0119cie\">\n        <\/div>\n            <div class=\"card-body p-2\">\n                <h5 class=\"card-title\">Wsp\u00f3\u0142praca UWr z Policj\u0105 w walce z cyberprzest\u0119pczo\u015bci\u0105<\/h5>\n                <span class=\"badge bg-secondary mb-2\"> Uniwersytet Wroc\u0142awski  <\/span>\n                <p class=\"card-text\">Rektor UWr, prof. Robert Olkiewicz oraz insp. Micha\u0142 Pud\u0142o, Zast\u0119pca Komendanta Centralnego Biura Zwalczania\u2026<\/p>\n            <\/div>\n        <\/a>\n    <\/div>\n<\/div>\n\n\n<div class=\"col-md-3 mb-2 mt-2\">\n    <div class=\"posts-card m-auto\">\n        <a href=\"https:\/\/uwr.edu.pl\/en\/being-human-an-incubator-building-bridges-between-disciplines\/\">\n        <div class=\"posttype\">\n            <img decoding=\"async\" src=\"https:\/\/casuscon.uwr.edu.pl\/wp-content\/uploads\/2024\/07\/idub_logo_en-edited.jpg\" class=\"card-img-top\" alt=\"Reaserach University Exellence Initiative\">\n        <\/div>\n            <div class=\"card-body p-2\">\n                <h5 class=\"card-title\">Being Human \u2013 an incubator building bridges between disciplines<\/h5>\n                <span class=\"badge bg-secondary mb-2\"> Uniwersytet Wroc\u0142awski  <\/span>\n                <p class=\"card-text\">A video on the achievements of the Being Human Incubator<\/p>\n            <\/div>\n        <\/a>\n    <\/div>\n<\/div>\n\n\n<div class=\"col-md-3 mb-2 mt-2\">\n    <div class=\"posts-card m-auto\">\n        <a href=\"https:\/\/uwr.edu.pl\/being-human-inkubator-budujacy-mosty-miedzy-dyscyplinami\/\">\n        <div class=\"posttype\">\n            <img decoding=\"async\" src=\"https:\/\/casuscon.uwr.edu.pl\/wp-content\/uploads\/2025\/07\/idub_logo_rgb.jpg\" class=\"card-img-top\" alt=\"LOGO IDUB\">\n        <\/div>\n            <div class=\"card-body p-2\">\n                <h5 class=\"card-title\">Being Human \u2013 inkubator buduj\u0105cy mosty mi\u0119dzy dyscyplinami<\/h5>\n                <span class=\"badge bg-secondary mb-2\"> Uniwersytet Wroc\u0142awski  <\/span>\n                <p class=\"card-text\">Film o  efektach bada\u0144 Inkubatora Being Human<\/p>\n            <\/div>\n        <\/a>\n    <\/div>\n<\/div>\n\n\n<div class=\"col-md-3 mb-2 mt-2\">\n    <div class=\"posts-card m-auto\">\n        <a href=\"https:\/\/uwr.edu.pl\/ruszyla-rekrutacja-do-programu-most-2\/\">\n        <div class=\"posttype\">\n            <img decoding=\"async\" src=\"https:\/\/test.uwr.edu.pl\/wp-content\/uploads\/2021\/07\/wydzial-Prawa-Administracji-i-Ekonomii-fot-Dominika-Hull_Prawo_www.jpg\" class=\"card-img-top\" alt=\"Przyk\u0142adowe zdj\u0119cie\">\n        <\/div>\n            <div class=\"card-body p-2\">\n                <h5 class=\"card-title\">Ruszy\u0142a rekrutacja do programu MOST<\/h5>\n                <span class=\"badge bg-secondary mb-2\"> Uniwersytet Wroc\u0142awski  <\/span>\n                <p class=\"card-text\">W \u015brod\u0119, 15 kwietnia ruszy\u0142a rekrutacja programu mobilno\u015bci student\u00f3w i doktorant\u00f3w\u00a0MOST\u00a0oraz rekrutacji na\u2026<\/p>\n            <\/div>\n        <\/a>\n    <\/div>\n<\/div>\n\n\n<div class=\"col-md-3 mb-2 mt-2\">\n    <div class=\"posts-card m-auto\">\n        <a href=\"https:\/\/uwr.edu.pl\/wyklad-enrique-fernando-nava-lopeza\/\">\n        <div class=\"posttype\">\n            <img decoding=\"async\" src=\"https:\/\/test.uwr.edu.pl\/wp-content\/uploads\/2021\/07\/wydzial-Prawa-Administracji-i-Ekonomii-fot-Dominika-Hull_Prawo_www.jpg\" class=\"card-img-top\" alt=\"Przyk\u0142adowe zdj\u0119cie\">\n        <\/div>\n            <div class=\"card-body p-2\">\n                <h5 class=\"card-title\">Wyk\u0142ad Enrique Fernando Nava L\u00f3peza<\/h5>\n                <span class=\"badge bg-secondary mb-2\"> Uniwersytet Wroc\u0142awski  <\/span>\n                <p class=\"card-text\">W imieniu dr Marty Minkiewicz z Zak\u0142adu Iberystyki UWr, zapraszamy\u00a016 kwietnia do siedziby Instytutu Filologii\u2026<\/p>\n            <\/div>\n        <\/a>\n    <\/div>\n<\/div>\n\n\n<div class=\"col-md-3 mb-2 mt-2\">\n    <div class=\"posts-card m-auto\">\n        <a href=\"https:\/\/uwr.edu.pl\/nowe-technologie-w-procesie-konferencja\/\">\n        <div class=\"posttype\">\n            <img decoding=\"async\" src=\"https:\/\/test.uwr.edu.pl\/wp-content\/uploads\/2021\/07\/wydzial-Prawa-Administracji-i-Ekonomii-fot-Dominika-Hull_Prawo_www.jpg\" class=\"card-img-top\" alt=\"Przyk\u0142adowe zdj\u0119cie\">\n        <\/div>\n            <div class=\"card-body p-2\">\n                <h5 class=\"card-title\">\u201eNowe technologie w procesie\u201d &#8211; konferencja<\/h5>\n                <span class=\"badge bg-secondary mb-2\"> Uniwersytet Wroc\u0142awski  <\/span>\n                <p class=\"card-text\">Studenckie Ko\u0142o Naukowe Blok Prawa Komputerowego LegalNet, Studenckie Ko\u0142o Naukowe Prawa Finansowego \u201eFISCUS\u201d,\u2026<\/p>\n            <\/div>\n        <\/a>\n    <\/div>\n<\/div>\n\n\n<div class=\"col-md-3 mb-2 mt-2\">\n    <div class=\"posts-card m-auto\">\n        <a href=\"https:\/\/uwr.edu.pl\/beyond-language-2026-zglos-swoj-abstrakt-na-miedzynarodowa-konferencje-mlodych-badaczy\/\">\n        <div class=\"posttype\">\n            <img decoding=\"async\" src=\"https:\/\/test.uwr.edu.pl\/wp-content\/uploads\/2021\/07\/wydzial-Prawa-Administracji-i-Ekonomii-fot-Dominika-Hull_Prawo_www.jpg\" class=\"card-img-top\" alt=\"Przyk\u0142adowe zdj\u0119cie\">\n        <\/div>\n            <div class=\"card-body p-2\">\n                <h5 class=\"card-title\">BEYOND LANGUAGE 2026 \u2013 zg\u0142o\u015b sw\u00f3j abstrakt na Mi\u0119dzynarodow\u0105 Konferencj\u0119 M\u0142odych Badaczy<\/h5>\n                <span class=\"badge bg-secondary mb-2\"> Uniwersytet Wroc\u0142awski  <\/span>\n                <p class=\"card-text\">Jak bada\u0107 j\u0119zyk, kultur\u0119 i spo\u0142ecze\u0144stwo w \u015bwiecie dynamicznych zmian? O tym b\u0119d\u0105 rozmawia\u0107 uczestnicy\u2026<\/p>\n            <\/div>\n        <\/a>\n    <\/div>\n<\/div>\n\n\n<div class=\"col-md-3 mb-2 mt-2\">\n    <div class=\"posts-card m-auto\">\n        <a href=\"https:\/\/uwr.edu.pl\/zostaly-ostatnie-dni-by-zglosic-sie-do-konkursu-wroclawska-magnolia\/\">\n        <div class=\"posttype\">\n            <img decoding=\"async\" src=\"https:\/\/test.uwr.edu.pl\/wp-content\/uploads\/2021\/07\/wydzial-Prawa-Administracji-i-Ekonomii-fot-Dominika-Hull_Prawo_www.jpg\" class=\"card-img-top\" alt=\"Przyk\u0142adowe zdj\u0119cie\">\n        <\/div>\n            <div class=\"card-body p-2\">\n                <h5 class=\"card-title\">Zosta\u0142y ostatnie dni, by zg\u0142osi\u0107 si\u0119 do konkursu \u201eWroc\u0142awska Magnolia \u201d!<\/h5>\n                <span class=\"badge bg-secondary mb-2\"> Uniwersytet Wroc\u0142awski  <\/span>\n                <p class=\"card-text\">Jeste\u015b absolwentem lub absolwentk\u0105 UWr i swoj\u0105 prac\u0119 magistersk\u0105 obroni\u0142e\u015b\/a\u015b w roku akademickim 2024\/2025? We\u017a\u2026<\/p>\n            <\/div>\n        <\/a>\n    <\/div>\n<\/div>\n\n\n<div class=\"col-md-3 mb-2 mt-2\">\n    <div class=\"posts-card m-auto\">\n        <a href=\"https:\/\/uwr.edu.pl\/en\/uwr-talks-and-so-it-continues\/\">\n        <div class=\"posttype\">\n            <img decoding=\"async\" src=\"https:\/\/test.uwr.edu.pl\/wp-content\/uploads\/2021\/07\/wydzial-Prawa-Administracji-i-Ekonomii-fot-Dominika-Hull_Prawo_www.jpg\" class=\"card-img-top\" alt=\"Przyk\u0142adowe zdj\u0119cie\">\n        <\/div>\n            <div class=\"card-body p-2\">\n                <h5 class=\"card-title\">UWr Talks: and so it continues<\/h5>\n                <span class=\"badge bg-secondary mb-2\"> Uniwersytet Wroc\u0142awski  <\/span>\n                <p class=\"card-text\">What does a career look like when we stop measuring it solely by titles and job positions? How do you build an\u2026<\/p>\n            <\/div>\n        <\/a>\n    <\/div>\n<\/div>\n\n\n<div class=\"col-md-3 mb-2 mt-2\">\n    <div class=\"posts-card m-auto\">\n        <a href=\"https:\/\/uwr.edu.pl\/uwr-talks-rozmowa-z-dr-diana-madibekova\/\">\n        <div class=\"posttype\">\n            <img decoding=\"async\" src=\"https:\/\/test.uwr.edu.pl\/wp-content\/uploads\/2021\/07\/wydzial-Prawa-Administracji-i-Ekonomii-fot-Dominika-Hull_Prawo_www.jpg\" class=\"card-img-top\" alt=\"Przyk\u0142adowe zdj\u0119cie\">\n        <\/div>\n            <div class=\"card-body p-2\">\n                <h5 class=\"card-title\">UWr Talks &#8211; rozmowa z dr Dian\u0105 Madibekov\u0105<\/h5>\n                <span class=\"badge bg-secondary mb-2\"> Uniwersytet Wroc\u0142awski  <\/span>\n                <p class=\"card-text\">W nowym odcinku UWr Talks, tym razem w wersji angloj\u0119zycznej odpowiadamy na pytania: Czym jest kariera, gdy nie\u2026<\/p>\n            <\/div>\n        <\/a>\n    <\/div>\n<\/div>\n\n\n<div class=\"col-md-3 mb-2 mt-2\">\n    <div class=\"posts-card m-auto\">\n        <a href=\"https:\/\/uwr.edu.pl\/iv-ogolnopolska-konferencja-szkol-doktorskich\/\">\n        <div class=\"posttype\">\n            <img decoding=\"async\" src=\"https:\/\/test.uwr.edu.pl\/wp-content\/uploads\/2021\/07\/wydzial-Prawa-Administracji-i-Ekonomii-fot-Dominika-Hull_Prawo_www.jpg\" class=\"card-img-top\" alt=\"Przyk\u0142adowe zdj\u0119cie\">\n        <\/div>\n            <div class=\"card-body p-2\">\n                <h5 class=\"card-title\">IV Og\u00f3lnopolska Konferencja Szk\u00f3\u0142 Doktorskich<\/h5>\n                <span class=\"badge bg-secondary mb-2\"> Uniwersytet Wroc\u0142awski  <\/span>\n                <p class=\"card-text\">W dniach 16-17 kwietnia 2026 r. w Bibliotece Uniwersytetu Wroc\u0142awskiego odb\u0119dzie si\u0119 IV Og\u00f3lnopolska Konferencja\u2026<\/p>\n            <\/div>\n        <\/a>\n    <\/div>\n<\/div>\n\n            <\/div>\n    \n    \n<nav aria-label=\"Page navigation\">\n    <ul class=\"pagination justify-content-center align-items-center\">\n            <li class=\"page-item disabled\">\n                <a class=\"page-link\" href=\"?pageid=0\">\n                <i class=\"bi bi-arrow-left\"><\/i>\n            <\/a>\n        <\/li>\n        \n                                                <li class=\"page-item active disabled\" aria-current=\"page\"><a class=\"page-link\" >1<\/a><\/li>\n                                                                <li class=\"page-item\"><a class=\"page-link\" href=\"?pageid=2\">2<\/a><\/li>\n                                                                <li class=\"page-item\"><a class=\"page-link\" href=\"?pageid=3\">3<\/a><\/li>\n                                                                <li class=\"page-item disabled\"><a class=\"page-link\">&hellip;<\/a><\/li>\n                                                                <li class=\"page-item\"><a class=\"page-link\" href=\"?pageid=419\">419<\/a><\/li>\n                                                                <li class=\"page-item\"><a class=\"page-link\" href=\"?pageid=420\">420<\/a><\/li>\n                                                                <li class=\"page-item\"><a class=\"page-link\" href=\"?pageid=421\">421<\/a><\/li>\n                            \n            <li class=\"page-item\">\n                <a class=\"page-link\" href=\"?pageid=2\">\n                <i class=\"bi bi-arrow-right\"><\/i>\n            <\/a>\n        <\/li>\n    <\/ul>\n<\/nav>\n\n<\/div>\n\n\n\n\n<p><\/p>\n","protected":false},"excerpt":{"rendered":"","protected":false},"author":159,"featured_media":0,"parent":0,"menu_order":0,"comment_status":"closed","ping_status":"closed","template":"","meta":{"_acf_changed":false,"inline_featured_image":false,"site-sidebar-layout":"default","site-content-layout":"default","ast-site-content-layout":"default","site-content-style":"default","site-sidebar-style":"default","ast-global-header-display":"","ast-banner-title-visibility":"","ast-main-header-display":"","ast-hfb-above-header-display":"","ast-hfb-below-header-display":"","ast-hfb-mobile-header-display":"","site-post-title":"","ast-breadcrumbs-content":"","ast-featured-img":"","footer-sml-layout":"","ast-disable-related-posts":"","theme-transparent-header-meta":"default","adv-header-id-meta":"","stick-header-meta":"","header-above-stick-meta":"","header-main-stick-meta":"","header-below-stick-meta":"","astra-migrate-meta-layouts":"default","ast-page-background-enabled":"default","ast-page-background-meta":{"desktop":{"background-color":"","background-image":"","background-repeat":"repeat","background-position":"center center","background-size":"auto","background-attachment":"scroll","background-type":"","background-media":"","overlay-type":"","overlay-color":"","overlay-opacity":"","overlay-gradient":""},"tablet":{"background-color":"","background-image":"","background-repeat":"repeat","background-position":"center center","background-size":"auto","background-attachment":"scroll","background-type":"","background-media":"","overlay-type":"","overlay-color":"","overlay-opacity":"","overlay-gradient":""},"mobile":{"background-color":"","background-image":"","background-repeat":"repeat","background-position":"center center","background-size":"auto","background-attachment":"scroll","background-type":"","background-media":"","overlay-type":"","overlay-color":"","overlay-opacity":"","overlay-gradient":""}},"ast-content-background-meta":{"desktop":{"background-color":"var(--ast-global-color-5)","background-image":"","background-repeat":"repeat","background-position":"center center","background-size":"auto","background-attachment":"scroll","background-type":"","background-media":"","overlay-type":"","overlay-color":"","overlay-opacity":"","overlay-gradient":""},"tablet":{"background-color":"var(--ast-global-color-5)","background-image":"","background-repeat":"repeat","background-position":"center center","background-size":"auto","background-attachment":"scroll","background-type":"","background-media":"","overlay-type":"","overlay-color":"","overlay-opacity":"","overlay-gradient":""},"mobile":{"background-color":"var(--ast-global-color-5)","background-image":"","background-repeat":"repeat","background-position":"center center","background-size":"auto","background-attachment":"scroll","background-type":"","background-media":"","overlay-type":"","overlay-color":"","overlay-opacity":"","overlay-gradient":""}},"footnotes":""},"categories":[],"tags":[],"class_list":["post-11322","page","type-page","status-publish","hentry"],"featured_image_urls_v2":{"full":"","thumbnail":"","medium":"","medium_large":"","large":"","1536x1536":"","2048x2048":"","menu-24x24":"","menu-36x36":"","menu-48x48":""},"post_excerpt_stackable_v2":"<p>Reanaliza danych \u2013 jaki wp\u0142yw na wyniki bada\u0144 ma ich metodologia? Uniwersytet Wroc\u0142awski Dwoje naukowc\u00f3w z Uniwersytetu Wroc\u0142awskiego: dr Micha\u0142 Misiak oraz dr Marta Kowal, wzi\u0119li udzia\u0142 w ogromnym\u2026 Wsp\u00f3\u0142praca UWr z Policj\u0105 w walce z cyberprzest\u0119pczo\u015bci\u0105 Uniwersytet Wroc\u0142awski Rektor UWr, prof. Robert Olkiewicz oraz insp. Micha\u0142 Pud\u0142o, Zast\u0119pca Komendanta Centralnego Biura Zwalczania\u2026 Being Human \u2013 an incubator building bridges between disciplines Uniwersytet Wroc\u0142awski A video on the achievements of the Being Human Incubator Being Human \u2013 inkubator buduj\u0105cy mosty mi\u0119dzy dyscyplinami Uniwersytet Wroc\u0142awski Film o efektach bada\u0144 Inkubatora Being Human Ruszy\u0142a rekrutacja do programu MOST Uniwersytet Wroc\u0142awski W \u015brod\u0119,&hellip;<\/p>\n","category_list_v2":"Bez kategorii","author_info_v2":{"name":"bzlocki","url":"https:\/\/casuscon.uwr.edu.pl\/pl\/author\/bzlocki\/"},"comments_num_v2":"0 comments","acf":[],"yoast_head":"<!-- This site is optimized with the Yoast SEO plugin v27.1.1 - https:\/\/yoast.com\/product\/yoast-seo-wordpress\/ -->\n<title>Test wydarze\u0144 z g\u0142\u00f3wnej - CASUSCON<\/title>\n<meta name=\"description\" content=\"UWr-CASUS-HZDR International Conference on Advanced Systems Research (CASUSCON)\" \/>\n<meta name=\"robots\" content=\"index, follow, max-snippet:-1, max-image-preview:large, max-video-preview:-1\" \/>\n<link rel=\"canonical\" href=\"https:\/\/casuscon.uwr.edu.pl\/pl\/test-wydarzen-z-glownej\/\" \/>\n<meta property=\"og:locale\" content=\"pl_PL\" \/>\n<meta property=\"og:type\" content=\"article\" \/>\n<meta property=\"og:title\" content=\"Test wydarze\u0144 z g\u0142\u00f3wnej - CASUSCON\" \/>\n<meta property=\"og:description\" content=\"UWr-CASUS-HZDR International Conference on Advanced Systems Research (CASUSCON)\" \/>\n<meta property=\"og:url\" content=\"https:\/\/casuscon.uwr.edu.pl\/pl\/test-wydarzen-z-glownej\/\" \/>\n<meta property=\"og:site_name\" content=\"CASUSCON\" \/>\n<meta name=\"twitter:card\" content=\"summary_large_image\" \/>\n<meta name=\"twitter:label1\" content=\"Szacowany czas czytania\" \/>\n\t<meta name=\"twitter:data1\" content=\"1 minuta\" \/>\n<script type=\"application\/ld+json\" class=\"yoast-schema-graph\">{\"@context\":\"https:\/\/schema.org\",\"@graph\":[{\"@type\":\"WebPage\",\"@id\":\"https:\/\/casuscon.uwr.edu.pl\/pl\/test-wydarzen-z-glownej\/\",\"url\":\"https:\/\/casuscon.uwr.edu.pl\/pl\/test-wydarzen-z-glownej\/\",\"name\":\"Test wydarze\u0144 z g\u0142\u00f3wnej - CASUSCON\",\"isPartOf\":{\"@id\":\"https:\/\/casuscon.uwr.edu.pl\/en\/#website\"},\"datePublished\":\"2021-11-16T14:41:54+00:00\",\"description\":\"UWr-CASUS-HZDR International Conference on Advanced Systems Research (CASUSCON)\",\"breadcrumb\":{\"@id\":\"https:\/\/casuscon.uwr.edu.pl\/pl\/test-wydarzen-z-glownej\/#breadcrumb\"},\"inLanguage\":\"pl-PL\",\"potentialAction\":[{\"@type\":\"ReadAction\",\"target\":[\"https:\/\/casuscon.uwr.edu.pl\/pl\/test-wydarzen-z-glownej\/\"]}]},{\"@type\":\"BreadcrumbList\",\"@id\":\"https:\/\/casuscon.uwr.edu.pl\/pl\/test-wydarzen-z-glownej\/#breadcrumb\",\"itemListElement\":[{\"@type\":\"ListItem\",\"position\":1,\"name\":\"Main Page\",\"item\":\"https:\/\/casuscon.uwr.edu.pl\/en\/\"},{\"@type\":\"ListItem\",\"position\":2,\"name\":\"Test wydarze\u0144 z g\u0142\u00f3wnej\"}]},{\"@type\":\"WebSite\",\"@id\":\"https:\/\/casuscon.uwr.edu.pl\/en\/#website\",\"url\":\"https:\/\/casuscon.uwr.edu.pl\/en\/\",\"name\":\"CASUSCON\",\"description\":\"Kolejna witryna sieci \u201eUWR Witryny\u201d\",\"publisher\":{\"@id\":\"https:\/\/casuscon.uwr.edu.pl\/en\/#organization\"},\"potentialAction\":[{\"@type\":\"SearchAction\",\"target\":{\"@type\":\"EntryPoint\",\"urlTemplate\":\"https:\/\/casuscon.uwr.edu.pl\/en\/?s={search_term_string}\"},\"query-input\":{\"@type\":\"PropertyValueSpecification\",\"valueRequired\":true,\"valueName\":\"search_term_string\"}}],\"inLanguage\":\"pl-PL\"},{\"@type\":\"Organization\",\"@id\":\"https:\/\/casuscon.uwr.edu.pl\/en\/#organization\",\"name\":\"CASUSCON\",\"url\":\"https:\/\/casuscon.uwr.edu.pl\/en\/\",\"logo\":{\"@type\":\"ImageObject\",\"inLanguage\":\"pl-PL\",\"@id\":\"https:\/\/casuscon.uwr.edu.pl\/en\/#\/schema\/logo\/image\/\",\"url\":\"https:\/\/casuscon.uwr.edu.pl\/wp-content\/uploads\/sites\/27\/2025\/10\/UWr-logotyp-2025.png\",\"contentUrl\":\"https:\/\/casuscon.uwr.edu.pl\/wp-content\/uploads\/sites\/27\/2025\/10\/UWr-logotyp-2025.png\",\"width\":764,\"height\":269,\"caption\":\"CASUSCON\"},\"image\":{\"@id\":\"https:\/\/casuscon.uwr.edu.pl\/en\/#\/schema\/logo\/image\/\"}}]}<\/script>\n<!-- \/ Yoast SEO plugin. -->","yoast_head_json":{"title":"Test wydarze\u0144 z g\u0142\u00f3wnej - CASUSCON","description":"UWr-CASUS-HZDR International Conference on Advanced Systems Research (CASUSCON)","robots":{"index":"index","follow":"follow","max-snippet":"max-snippet:-1","max-image-preview":"max-image-preview:large","max-video-preview":"max-video-preview:-1"},"canonical":"https:\/\/casuscon.uwr.edu.pl\/pl\/test-wydarzen-z-glownej\/","og_locale":"pl_PL","og_type":"article","og_title":"Test wydarze\u0144 z g\u0142\u00f3wnej - CASUSCON","og_description":"UWr-CASUS-HZDR International Conference on Advanced Systems Research (CASUSCON)","og_url":"https:\/\/casuscon.uwr.edu.pl\/pl\/test-wydarzen-z-glownej\/","og_site_name":"CASUSCON","twitter_card":"summary_large_image","twitter_misc":{"Szacowany czas czytania":"1 minuta"},"schema":{"@context":"https:\/\/schema.org","@graph":[{"@type":"WebPage","@id":"https:\/\/casuscon.uwr.edu.pl\/pl\/test-wydarzen-z-glownej\/","url":"https:\/\/casuscon.uwr.edu.pl\/pl\/test-wydarzen-z-glownej\/","name":"Test wydarze\u0144 z g\u0142\u00f3wnej - CASUSCON","isPartOf":{"@id":"https:\/\/casuscon.uwr.edu.pl\/en\/#website"},"datePublished":"2021-11-16T14:41:54+00:00","description":"UWr-CASUS-HZDR International Conference on Advanced Systems Research (CASUSCON)","breadcrumb":{"@id":"https:\/\/casuscon.uwr.edu.pl\/pl\/test-wydarzen-z-glownej\/#breadcrumb"},"inLanguage":"pl-PL","potentialAction":[{"@type":"ReadAction","target":["https:\/\/casuscon.uwr.edu.pl\/pl\/test-wydarzen-z-glownej\/"]}]},{"@type":"BreadcrumbList","@id":"https:\/\/casuscon.uwr.edu.pl\/pl\/test-wydarzen-z-glownej\/#breadcrumb","itemListElement":[{"@type":"ListItem","position":1,"name":"Main Page","item":"https:\/\/casuscon.uwr.edu.pl\/en\/"},{"@type":"ListItem","position":2,"name":"Test wydarze\u0144 z g\u0142\u00f3wnej"}]},{"@type":"WebSite","@id":"https:\/\/casuscon.uwr.edu.pl\/en\/#website","url":"https:\/\/casuscon.uwr.edu.pl\/en\/","name":"CASUSCON","description":"Kolejna witryna sieci \u201eUWR Witryny\u201d","publisher":{"@id":"https:\/\/casuscon.uwr.edu.pl\/en\/#organization"},"potentialAction":[{"@type":"SearchAction","target":{"@type":"EntryPoint","urlTemplate":"https:\/\/casuscon.uwr.edu.pl\/en\/?s={search_term_string}"},"query-input":{"@type":"PropertyValueSpecification","valueRequired":true,"valueName":"search_term_string"}}],"inLanguage":"pl-PL"},{"@type":"Organization","@id":"https:\/\/casuscon.uwr.edu.pl\/en\/#organization","name":"CASUSCON","url":"https:\/\/casuscon.uwr.edu.pl\/en\/","logo":{"@type":"ImageObject","inLanguage":"pl-PL","@id":"https:\/\/casuscon.uwr.edu.pl\/en\/#\/schema\/logo\/image\/","url":"https:\/\/casuscon.uwr.edu.pl\/wp-content\/uploads\/sites\/27\/2025\/10\/UWr-logotyp-2025.png","contentUrl":"https:\/\/casuscon.uwr.edu.pl\/wp-content\/uploads\/sites\/27\/2025\/10\/UWr-logotyp-2025.png","width":764,"height":269,"caption":"CASUSCON"},"image":{"@id":"https:\/\/casuscon.uwr.edu.pl\/en\/#\/schema\/logo\/image\/"}}]}},"publishpress_future_action":{"enabled":false,"date":"2026-04-23 07:52:33","action":"change-status","newStatus":"draft","terms":[],"taxonomy":"category","extraData":[]},"publishpress_future_workflow_manual_trigger":{"enabledWorkflows":[]},"_links":{"self":[{"href":"https:\/\/casuscon.uwr.edu.pl\/pl\/wp-json\/wp\/v2\/pages\/11322\/"}],"collection":[{"href":"https:\/\/casuscon.uwr.edu.pl\/pl\/wp-json\/wp\/v2\/pages\/"}],"about":[{"href":"https:\/\/casuscon.uwr.edu.pl\/pl\/wp-json\/wp\/v2\/types\/page\/"}],"author":[{"embeddable":true,"href":"https:\/\/casuscon.uwr.edu.pl\/pl\/wp-json\/wp\/v2\/users\/159\/"}],"replies":[{"embeddable":true,"href":"https:\/\/casuscon.uwr.edu.pl\/pl\/wp-json\/wp\/v2\/comments\/?post=11322"}],"version-history":[{"count":0,"href":"https:\/\/casuscon.uwr.edu.pl\/pl\/wp-json\/wp\/v2\/pages\/11322\/revisions\/"}],"wp:attachment":[{"href":"https:\/\/casuscon.uwr.edu.pl\/pl\/wp-json\/wp\/v2\/media\/?parent=11322"}],"wp:term":[{"taxonomy":"category","embeddable":true,"href":"https:\/\/casuscon.uwr.edu.pl\/pl\/wp-json\/wp\/v2\/categories\/?post=11322"},{"taxonomy":"post_tag","embeddable":true,"href":"https:\/\/casuscon.uwr.edu.pl\/pl\/wp-json\/wp\/v2\/tags\/?post=11322"}],"curies":[{"name":"wp","href":"https:\/\/api.w.org\/{rel}","templated":true}]}}