{"id":305,"date":"2021-04-12T12:11:49","date_gmt":"2021-04-12T10:11:49","guid":{"rendered":"https:\/\/casuscon.test.uwr.edu.pl\/strona-glowna2\/"},"modified":"2023-08-09T13:05:42","modified_gmt":"2023-08-09T11:05:42","slug":"strona-glowna2","status":"publish","type":"page","link":"https:\/\/casuscon.uwr.edu.pl\/en\/","title":{"rendered":"Main Page"},"content":{"rendered":"\n<div class=\"bs_add_mobile_custom_menu\"><\/div>\n\n\n\n<figure class=\"wp-block-image alignwide size-large bs_add_contained_custom_menu\"><img loading=\"lazy\" decoding=\"async\" width=\"1024\" height=\"309\" src=\"https:\/\/casuscon.uwr.edu.pl\/wp-content\/uploads\/sites\/27\/2022\/05\/banner-1024x309.jpg\" alt=\"banner\" class=\"wp-image-23344\" srcset=\"https:\/\/casuscon.uwr.edu.pl\/wp-content\/uploads\/sites\/27\/2022\/05\/banner-1024x309.jpg 1024w, https:\/\/casuscon.uwr.edu.pl\/wp-content\/uploads\/sites\/27\/2022\/05\/banner-300x90.jpg 300w, https:\/\/casuscon.uwr.edu.pl\/wp-content\/uploads\/sites\/27\/2022\/05\/banner-768x232.jpg 768w, https:\/\/casuscon.uwr.edu.pl\/wp-content\/uploads\/sites\/27\/2022\/05\/banner-24x7.jpg 24w, https:\/\/casuscon.uwr.edu.pl\/wp-content\/uploads\/sites\/27\/2022\/05\/banner-36x11.jpg 36w, https:\/\/casuscon.uwr.edu.pl\/wp-content\/uploads\/sites\/27\/2022\/05\/banner-48x14.jpg 48w, https:\/\/casuscon.uwr.edu.pl\/wp-content\/uploads\/sites\/27\/2022\/05\/banner.jpg 1240w\" sizes=\"auto, (max-width: 1024px) 100vw, 1024px\" \/><\/figure>\n\n\n\n<figure class=\"wp-block-image size-large\"><img loading=\"lazy\" decoding=\"async\" width=\"1024\" height=\"576\" src=\"https:\/\/casuscon.uwr.edu.pl\/wp-content\/uploads\/sites\/27\/2023\/08\/mein_doskonala_nauka_on_white-2-1024x576.png\" alt=\"Doskona\u0142a Nauka\" class=\"wp-image-25287\" srcset=\"https:\/\/casuscon.uwr.edu.pl\/wp-content\/uploads\/sites\/27\/2023\/08\/mein_doskonala_nauka_on_white-2-1024x576.png 1024w, https:\/\/casuscon.uwr.edu.pl\/wp-content\/uploads\/sites\/27\/2023\/08\/mein_doskonala_nauka_on_white-2-300x169.png 300w, https:\/\/casuscon.uwr.edu.pl\/wp-content\/uploads\/sites\/27\/2023\/08\/mein_doskonala_nauka_on_white-2-768x432.png 768w, https:\/\/casuscon.uwr.edu.pl\/wp-content\/uploads\/sites\/27\/2023\/08\/mein_doskonala_nauka_on_white-2-1536x864.png 1536w, https:\/\/casuscon.uwr.edu.pl\/wp-content\/uploads\/sites\/27\/2023\/08\/mein_doskonala_nauka_on_white-2-2048x1152.png 2048w, https:\/\/casuscon.uwr.edu.pl\/wp-content\/uploads\/sites\/27\/2023\/08\/mein_doskonala_nauka_on_white-2-1320x743.png 1320w, https:\/\/casuscon.uwr.edu.pl\/wp-content\/uploads\/sites\/27\/2023\/08\/mein_doskonala_nauka_on_white-2-24x14.png 24w, https:\/\/casuscon.uwr.edu.pl\/wp-content\/uploads\/sites\/27\/2023\/08\/mein_doskonala_nauka_on_white-2-36x20.png 36w, https:\/\/casuscon.uwr.edu.pl\/wp-content\/uploads\/sites\/27\/2023\/08\/mein_doskonala_nauka_on_white-2-48x27.png 48w\" sizes=\"auto, (max-width: 1024px) 100vw, 1024px\" \/><\/figure>\n\n\n<div id=\"ogloszenia-block\" class=\"ogloszenia-block \">\r\n        <h2 class=\"ogloszenia-block-naglowek\">Announcements<\/h2>\r\n        <div class=\"row\">\r\n                    <div class=\"element-ogloszenia\">\r\n                <a href=\"https:\/\/casuscon.uwr.edu.pl\/en\/2022\/05\/31\/hotel-pre-booking\/\">\r\n                    <div class=\"element-ogloszenia-wrap bg-element\">\r\n                        <h3 class=\"element-ogloszenia-wrap-dzien\">31<\/h3>\r\n                        <h4 class=\"element-ogloszenia-wrap-data\" data-transform-month-name> May 2022<\/h4>\r\n                        <h5 class=\"element-ogloszenia-wrap-title\">Hotel pre-booking<\/h5>\r\n                        <div class=\"element-ogloszenia-wrap-content\">Due to popular demand hotel pre-booking validity has been extended until 15 June 2022.<\/div>\r\n                    <\/div>\r\n                <\/a>\r\n            <\/div>\r\n                    <div class=\"element-ogloszenia\">\r\n                <a href=\"https:\/\/casuscon.uwr.edu.pl\/en\/2022\/05\/06\/registration-open\/\">\r\n                    <div class=\"element-ogloszenia-wrap \">\r\n                        <h3 class=\"element-ogloszenia-wrap-dzien\">06<\/h3>\r\n                        <h4 class=\"element-ogloszenia-wrap-data\" data-transform-month-name> May 2022<\/h4>\r\n                        <h5 class=\"element-ogloszenia-wrap-title\">Registration extended!<\/h5>\r\n                        <div class=\"element-ogloszenia-wrap-content\">Due to popular demand we are extending the registration deadline for CASUSCON. Please go to [&#8230;]<\/div>\r\n                    <\/div>\r\n                <\/a>\r\n            <\/div>\r\n                <div class=\"element-ogloszenia-more\">\r\n            <div class=\"element-ogloszenia-wrap-more\">\r\n                <a href=\"\/category\/ogloszenia\/\" title=\"przejd\u017a do Announcements\">\r\n                    <div class=\"button2\">\r\n                        <span class=\"c-button__arrow2\">\r\n                            <svg class=\"c-arrow2\" width=\"40px\" height=\"40px\" viewBox=\"0 0 22 16\" version=\"1.1\" xmlns=\"http:\/\/www.w3.org\/2000\/svg\" xmlns:xlink=\"http:\/\/www.w3.org\/1999\/xlink\">\r\n                                <g class=\"c-arrow__g2\" stroke=\"none\" stroke-width=\"1\" fill=\"none\" fill-rule=\"evenodd\">\r\n                                    <g class=\"c-arrow__g2\">\r\n                                        <rect class=\"\" id=\"c-arrow__rect2\" x=\"0\" y=\"7\" width=\"20\" height=\"2\" transform=\"scale(0,1)\"><\/rect>\r\n                                        <polygon points=\"13.4875 0 12 1.6215 18.7875 8 12 14.3795 13.4875 16 21.9995 8\"><\/polygon>\r\n                                    <\/g>\r\n                                <\/g>\r\n                            <\/svg>\r\n                        <\/span>\r\n                        <span class=\"c-button__inner2\"> Show All <\/span>\r\n                    <\/div>\r\n                <\/a>\r\n            <\/div>\r\n        <\/div>\r\n    <\/div>\r\n    <div class=\"clear\"><\/div>\r\n\r\n\r\n<\/div>\n\n\n<div class=\"alignfull wp-block-ugb-image-box ugb-image-box bs-baner-uczelnia-badawcza ugb-b298f2b ugb-image-box--v4 ugb-image-box--columns-1 ugb-image-box--design-basic ugb-image-box--align-left ugb-main-block\"><style>.ugb-b298f2b .ugb-image-box__box{border-radius:0px !important}.ugb-b298f2b .ugb-image-box__item{height:510px !important;justify-content:flex-end !important}.ugb-b298f2b .ugb-image-box__item1 .ugb-image-box__image{background-image:url(https:\/\/casuscon.uwr.edu.pl\/wp-content\/uploads\/sites\/27\/2021\/05\/Group-583.svg)}.ugb-b298f2b .ugb-image-box__image{background-repeat:no-repeat !important;background-size:cover !important}.ugb-b298f2b .ugb-image-box__overlay-hover{background-color:#a72b0b !important}.ugb-b298f2b .ugb-image-box__item:hover .ugb-image-box__overlay-hover{opacity:0.8 !important}.ugb-b298f2b .ugb-image-box__description{font-family:\"Roboto\",Sans-serif !important;font-size:25px !important;font-weight:400 !important;line-height:1.4em !important;color:#ffffff !important}.ugb-b298f2b .ugb-inner-block{text-align:left}@media screen and (min-width:768px){.ugb-b298f2b.ugb-image-box{margin-bottom:0px !important}}@media screen and (min-width:768px) and (max-width:1025px){.ugb-b298f2b .ugb-image-box__item{height:300px !important}}@media screen and (max-width:768px){.ugb-b298f2b .ugb-image-box__item{height:300px !important}}<\/style><div class=\"ugb-inner-block\"><div class=\"ugb-block-content\"><div class=\"ugb-image-box__item ugb-image-box__item1 ugb-image-box__box ugb--shadow-0\"><div class=\"ugb-image-box__box ugb-image-box__image-wrapper\"><div class=\"ugb-image-box__box ugb-image-box__image\" role=\"img\" aria-label=\"Uniwersytet Wroc\u0142awski nale\u017cy do grona dziesi\u0119ciu najlepszych uczelni w Polsce \u2013 jeste\u015bmy Uczelni\u0105 Badawcz\u0105. Otrzymujemy dodatkowe finansowanie, dzi\u0119ki kt\u00f3remu mo\u017cemy szczeg\u00f3lnie zadba\u0107 o studentki i student\u00f3w oraz kadr\u0119 naukow\u0105. Tworzymy programy stypendialne, fundujemy granty, rozszerzamy ofert\u0119 w j\u0119zyku angielskim i zmniejszamy liczebno\u015b\u0107 podczas zaj\u0119\u0107 \u2013 wszystko po to, by jeszcze lepiej uczy\u0107, wsp\u00f3\u0142tworzy\u0107 i odkrywa\u0107.\"><\/div><\/div><div class=\"ugb-image-box__box ugb-image-box__overlay-hover\"><\/div><div class=\"ugb-image-box__content\"><p class=\"ugb-image-box__description\"><br><br><br>Uniwersytet Wroc\u0142awski nale\u017cy do grona dziesi\u0119ciu najlepszych uczelni w Polsce \u2013 jeste\u015bmy Uczelni\u0105 Badawcz\u0105. Otrzymujemy dodatkowe finansowanie, dzi\u0119ki kt\u00f3remu mo\u017cemy szczeg\u00f3lnie zadba\u0107 o studentki i student\u00f3w oraz kadr\u0119 naukow\u0105. Tworzymy programy stypendialne, fundujemy granty, rozszerzamy ofert\u0119 w j\u0119zyku angielskim i zmniejszamy liczebno\u015b\u0107 podczas zaj\u0119\u0107 \u2013 wszystko po to, by jeszcze lepiej uczy\u0107, wsp\u00f3\u0142tworzy\u0107 i odkrywa\u0107.<\/p><\/div><a class=\"ugb-image-box__overlay-link\" href=\"https:\/\/badawczy.uwr.edu.pl\/\" title=\"Uniwersytet Wroc\u0142awski nale\u017cy do grona dziesi\u0119ciu najlepszych uczelni w Polsce \u2013 jeste\u015bmy Uczelni\u0105 Badawcz\u0105. Otrzymujemy dodatkowe finansowanie, dzi\u0119ki kt\u00f3remu mo\u017cemy szczeg\u00f3lnie zadba\u0107 o studentki i student\u00f3w oraz kadr\u0119 naukow\u0105. Tworzymy programy stypendialne, fundujemy granty, rozszerzamy ofert\u0119 w j\u0119zyku angielskim i zmniejszamy liczebno\u015b\u0107 podczas zaj\u0119\u0107 \u2013 wszystko po to, by jeszcze lepiej uczy\u0107, wsp\u00f3\u0142tworzy\u0107 i odkrywa\u0107.\" aria-label=\"Uniwersytet Wroc\u0142awski nale\u017cy do grona dziesi\u0119ciu najlepszych uczelni w Polsce \u2013 jeste\u015bmy Uczelni\u0105 Badawcz\u0105. Otrzymujemy dodatkowe finansowanie, dzi\u0119ki kt\u00f3remu mo\u017cemy szczeg\u00f3lnie zadba\u0107 o studentki i student\u00f3w oraz kadr\u0119 naukow\u0105. Tworzymy programy stypendialne, fundujemy granty, rozszerzamy ofert\u0119 w j\u0119zyku angielskim i zmniejszamy liczebno\u015b\u0107 podczas zaj\u0119\u0107 \u2013 wszystko po to, by jeszcze lepiej uczy\u0107, wsp\u00f3\u0142tworzy\u0107 i odkrywa\u0107.\"><\/a><\/div><\/div><\/div><\/div>\n\n\n\n<figure class=\"wp-block-image aligncenter size-large blok-uczelnia-badawcza-mobile\"><a href=\"https:\/\/badawczy.uwr.edu.pl\/\"><img decoding=\"async\" src=\"https:\/\/casuscon.uwr.edu.pl\/wp-content\/uploads\/sites\/27\/2021\/04\/Group-609.png\" alt=\"Uczelnia Badawcza\" class=\"wp-image-160\"\/><\/a><\/figure>\n","protected":false},"excerpt":{"rendered":"<p>Uniwersytet Wroc\u0142awski nale\u017cy do grona dziesi\u0119ciu najlepszych uczelni w Polsce \u2013 jeste\u015bmy Uczelni\u0105 Badawcz\u0105. Otrzymujemy dodatkowe finansowanie, dzi\u0119ki kt\u00f3remu mo\u017cemy szczeg\u00f3lnie zadba\u0107 o studentki i student\u00f3w oraz kadr\u0119 naukow\u0105. Tworzymy programy stypendialne, fundujemy granty, rozszerzamy ofert\u0119 w j\u0119zyku angielskim i zmniejszamy liczebno\u015b\u0107 podczas zaj\u0119\u0107 \u2013 wszystko po to, by jeszcze lepiej uczy\u0107, wsp\u00f3\u0142tworzy\u0107 i odkrywa\u0107.<\/p>\n","protected":false},"author":20,"featured_media":0,"parent":0,"menu_order":0,"comment_status":"closed","ping_status":"closed","template":"","meta":{"_acf_changed":false,"inline_featured_image":false,"site-sidebar-layout":"no-sidebar","site-content-layout":"page-builder","ast-site-content-layout":"default","site-content-style":"default","site-sidebar-style":"default","ast-global-header-display":"","ast-banner-title-visibility":"","ast-main-header-display":"","ast-hfb-above-header-display":"","ast-hfb-below-header-display":"","ast-hfb-mobile-header-display":"","site-post-title":"disabled","ast-breadcrumbs-content":"","ast-featured-img":"","footer-sml-layout":"","ast-disable-related-posts":"","theme-transparent-header-meta":"default","adv-header-id-meta":"","stick-header-meta":"","header-above-stick-meta":"","header-main-stick-meta":"","header-below-stick-meta":"","astra-migrate-meta-layouts":"default","ast-page-background-enabled":"default","ast-page-background-meta":{"desktop":{"background-color":"","background-image":"","background-repeat":"repeat","background-position":"center center","background-size":"auto","background-attachment":"scroll","background-type":"","background-media":"","overlay-type":"","overlay-color":"","overlay-opacity":"","overlay-gradient":""},"tablet":{"background-color":"","background-image":"","background-repeat":"repeat","background-position":"center center","background-size":"auto","background-attachment":"scroll","background-type":"","background-media":"","overlay-type":"","overlay-color":"","overlay-opacity":"","overlay-gradient":""},"mobile":{"background-color":"","background-image":"","background-repeat":"repeat","background-position":"center center","background-size":"auto","background-attachment":"scroll","background-type":"","background-media":"","overlay-type":"","overlay-color":"","overlay-opacity":"","overlay-gradient":""}},"ast-content-background-meta":{"desktop":{"background-color":"var(--ast-global-color-5)","background-image":"","background-repeat":"repeat","background-position":"center center","background-size":"auto","background-attachment":"scroll","background-type":"","background-media":"","overlay-type":"","overlay-color":"","overlay-opacity":"","overlay-gradient":""},"tablet":{"background-color":"var(--ast-global-color-5)","background-image":"","background-repeat":"repeat","background-position":"center center","background-size":"auto","background-attachment":"scroll","background-type":"","background-media":"","overlay-type":"","overlay-color":"","overlay-opacity":"","overlay-gradient":""},"mobile":{"background-color":"var(--ast-global-color-5)","background-image":"","background-repeat":"repeat","background-position":"center center","background-size":"auto","background-attachment":"scroll","background-type":"","background-media":"","overlay-type":"","overlay-color":"","overlay-opacity":"","overlay-gradient":""}},"footnotes":""},"categories":[],"tags":[],"class_list":["post-305","page","type-page","status-publish","hentry"],"featured_image_urls_v2":{"full":"","thumbnail":"","medium":"","medium_large":"","large":"","1536x1536":"","2048x2048":"","menu-24x24":"","menu-36x36":"","menu-48x48":""},"post_excerpt_stackable_v2":"<p>Announcements 31 May 2022 Hotel pre-booking Due to popular demand hotel pre-booking validity has been extended until 15 June 2022. 06 May 2022 Registration extended! Due to popular demand we are extending the registration deadline for CASUSCON. Please go to [&#8230;] Show All Uniwersytet Wroc\u0142awski nale\u017cy do grona dziesi\u0119ciu najlepszych uczelni w Polsce \u2013 jeste\u015bmy Uczelni\u0105 Badawcz\u0105. Otrzymujemy dodatkowe finansowanie, dzi\u0119ki kt\u00f3remu mo\u017cemy szczeg\u00f3lnie zadba\u0107 o studentki i student\u00f3w oraz kadr\u0119 naukow\u0105. Tworzymy programy stypendialne, fundujemy granty, rozszerzamy ofert\u0119 w j\u0119zyku angielskim i zmniejszamy liczebno\u015b\u0107 podczas zaj\u0119\u0107 \u2013 wszystko po to, by jeszcze lepiej uczy\u0107, wsp\u00f3\u0142tworzy\u0107 i odkrywa\u0107.<\/p>\n","category_list_v2":"Uncategorized","author_info_v2":{"name":"mmatlinski","url":"https:\/\/casuscon.uwr.edu.pl\/en\/author\/mmatlinski\/"},"comments_num_v2":"0 comments","acf":[],"yoast_head":"<!-- This site is optimized with the Yoast SEO plugin v27.1.1 - https:\/\/yoast.com\/product\/yoast-seo-wordpress\/ -->\n<title>Main Page - CASUSCON<\/title>\n<meta name=\"description\" content=\"UWr-CASUS-HZDR International Conference on Advanced Systems Research (CASUSCON)\" \/>\n<meta name=\"robots\" content=\"index, follow, max-snippet:-1, max-image-preview:large, max-video-preview:-1\" \/>\n<link rel=\"canonical\" href=\"https:\/\/casuscon.uwr.edu.pl\/en\/\" \/>\n<meta property=\"og:locale\" content=\"en_US\" \/>\n<meta property=\"og:type\" content=\"article\" \/>\n<meta property=\"og:title\" content=\"Main Page - CASUSCON\" \/>\n<meta property=\"og:description\" content=\"UWr-CASUS-HZDR International Conference on Advanced Systems Research (CASUSCON)\" \/>\n<meta property=\"og:url\" content=\"https:\/\/casuscon.uwr.edu.pl\/en\/\" \/>\n<meta property=\"og:site_name\" content=\"CASUSCON\" \/>\n<meta property=\"article:modified_time\" content=\"2023-08-09T11:05:42+00:00\" \/>\n<meta property=\"og:image\" content=\"https:\/\/casuscon.uwr.edu.pl\/wp-content\/uploads\/sites\/27\/2022\/05\/banner-1024x309.jpg\" \/>\n<meta name=\"twitter:card\" content=\"summary_large_image\" \/>\n<meta name=\"twitter:label1\" content=\"Est. reading time\" \/>\n\t<meta name=\"twitter:data1\" content=\"2 minutes\" \/>\n<script type=\"application\/ld+json\" class=\"yoast-schema-graph\">{\"@context\":\"https:\/\/schema.org\",\"@graph\":[{\"@type\":\"WebPage\",\"@id\":\"https:\/\/casuscon.uwr.edu.pl\/en\/\",\"url\":\"https:\/\/casuscon.uwr.edu.pl\/en\/\",\"name\":\"Main Page - CASUSCON\",\"isPartOf\":{\"@id\":\"https:\/\/casuscon.uwr.edu.pl\/en\/#website\"},\"primaryImageOfPage\":{\"@id\":\"https:\/\/casuscon.uwr.edu.pl\/en\/#primaryimage\"},\"image\":{\"@id\":\"https:\/\/casuscon.uwr.edu.pl\/en\/#primaryimage\"},\"thumbnailUrl\":\"https:\/\/casuscon.uwr.edu.pl\/wp-content\/uploads\/sites\/27\/2022\/05\/banner-1024x309.jpg\",\"datePublished\":\"2021-04-12T10:11:49+00:00\",\"dateModified\":\"2023-08-09T11:05:42+00:00\",\"description\":\"UWr-CASUS-HZDR International Conference on Advanced Systems Research (CASUSCON)\",\"breadcrumb\":{\"@id\":\"https:\/\/casuscon.uwr.edu.pl\/en\/#breadcrumb\"},\"inLanguage\":\"en-US\",\"potentialAction\":[{\"@type\":\"ReadAction\",\"target\":[\"https:\/\/casuscon.uwr.edu.pl\/en\/\"]}]},{\"@type\":\"ImageObject\",\"inLanguage\":\"en-US\",\"@id\":\"https:\/\/casuscon.uwr.edu.pl\/en\/#primaryimage\",\"url\":\"https:\/\/casuscon.uwr.edu.pl\/wp-content\/uploads\/sites\/27\/2022\/05\/banner-1024x309.jpg\",\"contentUrl\":\"https:\/\/casuscon.uwr.edu.pl\/wp-content\/uploads\/sites\/27\/2022\/05\/banner-1024x309.jpg\"},{\"@type\":\"BreadcrumbList\",\"@id\":\"https:\/\/casuscon.uwr.edu.pl\/en\/#breadcrumb\",\"itemListElement\":[{\"@type\":\"ListItem\",\"position\":1,\"name\":\"Main Page\",\"item\":\"https:\/\/casuscon.uwr.edu.pl\/en\/\"},{\"@type\":\"ListItem\",\"position\":2,\"name\":\"Main Page\"}]},{\"@type\":\"WebSite\",\"@id\":\"https:\/\/casuscon.uwr.edu.pl\/en\/#website\",\"url\":\"https:\/\/casuscon.uwr.edu.pl\/en\/\",\"name\":\"CASUSCON\",\"description\":\"Kolejna witryna sieci \u201eUWR Witryny\u201d\",\"publisher\":{\"@id\":\"https:\/\/casuscon.uwr.edu.pl\/en\/#organization\"},\"potentialAction\":[{\"@type\":\"SearchAction\",\"target\":{\"@type\":\"EntryPoint\",\"urlTemplate\":\"https:\/\/casuscon.uwr.edu.pl\/en\/?s={search_term_string}\"},\"query-input\":{\"@type\":\"PropertyValueSpecification\",\"valueRequired\":true,\"valueName\":\"search_term_string\"}}],\"inLanguage\":\"en-US\"},{\"@type\":\"Organization\",\"@id\":\"https:\/\/casuscon.uwr.edu.pl\/en\/#organization\",\"name\":\"CASUSCON\",\"url\":\"https:\/\/casuscon.uwr.edu.pl\/en\/\",\"logo\":{\"@type\":\"ImageObject\",\"inLanguage\":\"en-US\",\"@id\":\"https:\/\/casuscon.uwr.edu.pl\/en\/#\/schema\/logo\/image\/\",\"url\":\"https:\/\/casuscon.uwr.edu.pl\/wp-content\/uploads\/sites\/27\/2025\/10\/UWr-logotyp-2025.png\",\"contentUrl\":\"https:\/\/casuscon.uwr.edu.pl\/wp-content\/uploads\/sites\/27\/2025\/10\/UWr-logotyp-2025.png\",\"width\":764,\"height\":269,\"caption\":\"CASUSCON\"},\"image\":{\"@id\":\"https:\/\/casuscon.uwr.edu.pl\/en\/#\/schema\/logo\/image\/\"}}]}<\/script>\n<!-- \/ Yoast SEO plugin. -->","yoast_head_json":{"title":"Main Page - CASUSCON","description":"UWr-CASUS-HZDR International Conference on Advanced Systems Research (CASUSCON)","robots":{"index":"index","follow":"follow","max-snippet":"max-snippet:-1","max-image-preview":"max-image-preview:large","max-video-preview":"max-video-preview:-1"},"canonical":"https:\/\/casuscon.uwr.edu.pl\/en\/","og_locale":"en_US","og_type":"article","og_title":"Main Page - CASUSCON","og_description":"UWr-CASUS-HZDR International Conference on Advanced Systems Research (CASUSCON)","og_url":"https:\/\/casuscon.uwr.edu.pl\/en\/","og_site_name":"CASUSCON","article_modified_time":"2023-08-09T11:05:42+00:00","og_image":[{"url":"https:\/\/casuscon.uwr.edu.pl\/wp-content\/uploads\/sites\/27\/2022\/05\/banner-1024x309.jpg","type":"","width":"","height":""}],"twitter_card":"summary_large_image","twitter_misc":{"Est. reading time":"2 minutes"},"schema":{"@context":"https:\/\/schema.org","@graph":[{"@type":"WebPage","@id":"https:\/\/casuscon.uwr.edu.pl\/en\/","url":"https:\/\/casuscon.uwr.edu.pl\/en\/","name":"Main Page - CASUSCON","isPartOf":{"@id":"https:\/\/casuscon.uwr.edu.pl\/en\/#website"},"primaryImageOfPage":{"@id":"https:\/\/casuscon.uwr.edu.pl\/en\/#primaryimage"},"image":{"@id":"https:\/\/casuscon.uwr.edu.pl\/en\/#primaryimage"},"thumbnailUrl":"https:\/\/casuscon.uwr.edu.pl\/wp-content\/uploads\/sites\/27\/2022\/05\/banner-1024x309.jpg","datePublished":"2021-04-12T10:11:49+00:00","dateModified":"2023-08-09T11:05:42+00:00","description":"UWr-CASUS-HZDR International Conference on Advanced Systems Research (CASUSCON)","breadcrumb":{"@id":"https:\/\/casuscon.uwr.edu.pl\/en\/#breadcrumb"},"inLanguage":"en-US","potentialAction":[{"@type":"ReadAction","target":["https:\/\/casuscon.uwr.edu.pl\/en\/"]}]},{"@type":"ImageObject","inLanguage":"en-US","@id":"https:\/\/casuscon.uwr.edu.pl\/en\/#primaryimage","url":"https:\/\/casuscon.uwr.edu.pl\/wp-content\/uploads\/sites\/27\/2022\/05\/banner-1024x309.jpg","contentUrl":"https:\/\/casuscon.uwr.edu.pl\/wp-content\/uploads\/sites\/27\/2022\/05\/banner-1024x309.jpg"},{"@type":"BreadcrumbList","@id":"https:\/\/casuscon.uwr.edu.pl\/en\/#breadcrumb","itemListElement":[{"@type":"ListItem","position":1,"name":"Main Page","item":"https:\/\/casuscon.uwr.edu.pl\/en\/"},{"@type":"ListItem","position":2,"name":"Main Page"}]},{"@type":"WebSite","@id":"https:\/\/casuscon.uwr.edu.pl\/en\/#website","url":"https:\/\/casuscon.uwr.edu.pl\/en\/","name":"CASUSCON","description":"Kolejna witryna sieci \u201eUWR Witryny\u201d","publisher":{"@id":"https:\/\/casuscon.uwr.edu.pl\/en\/#organization"},"potentialAction":[{"@type":"SearchAction","target":{"@type":"EntryPoint","urlTemplate":"https:\/\/casuscon.uwr.edu.pl\/en\/?s={search_term_string}"},"query-input":{"@type":"PropertyValueSpecification","valueRequired":true,"valueName":"search_term_string"}}],"inLanguage":"en-US"},{"@type":"Organization","@id":"https:\/\/casuscon.uwr.edu.pl\/en\/#organization","name":"CASUSCON","url":"https:\/\/casuscon.uwr.edu.pl\/en\/","logo":{"@type":"ImageObject","inLanguage":"en-US","@id":"https:\/\/casuscon.uwr.edu.pl\/en\/#\/schema\/logo\/image\/","url":"https:\/\/casuscon.uwr.edu.pl\/wp-content\/uploads\/sites\/27\/2025\/10\/UWr-logotyp-2025.png","contentUrl":"https:\/\/casuscon.uwr.edu.pl\/wp-content\/uploads\/sites\/27\/2025\/10\/UWr-logotyp-2025.png","width":764,"height":269,"caption":"CASUSCON"},"image":{"@id":"https:\/\/casuscon.uwr.edu.pl\/en\/#\/schema\/logo\/image\/"}}]}},"publishpress_future_action":{"enabled":false,"date":"2026-04-22 23:13:38","action":"change-status","newStatus":"draft","terms":[],"taxonomy":"category","extraData":[]},"publishpress_future_workflow_manual_trigger":{"enabledWorkflows":[]},"_links":{"self":[{"href":"https:\/\/casuscon.uwr.edu.pl\/en\/wp-json\/wp\/v2\/pages\/305\/"}],"collection":[{"href":"https:\/\/casuscon.uwr.edu.pl\/en\/wp-json\/wp\/v2\/pages\/"}],"about":[{"href":"https:\/\/casuscon.uwr.edu.pl\/en\/wp-json\/wp\/v2\/types\/page\/"}],"author":[{"embeddable":true,"href":"https:\/\/casuscon.uwr.edu.pl\/en\/wp-json\/wp\/v2\/users\/20\/"}],"replies":[{"embeddable":true,"href":"https:\/\/casuscon.uwr.edu.pl\/en\/wp-json\/wp\/v2\/comments\/?post=305"}],"version-history":[{"count":8,"href":"https:\/\/casuscon.uwr.edu.pl\/en\/wp-json\/wp\/v2\/pages\/305\/revisions\/"}],"predecessor-version":[{"id":25290,"href":"https:\/\/casuscon.uwr.edu.pl\/en\/wp-json\/wp\/v2\/pages\/305\/revisions\/25290\/"}],"wp:attachment":[{"href":"https:\/\/casuscon.uwr.edu.pl\/en\/wp-json\/wp\/v2\/media\/?parent=305"}],"wp:term":[{"taxonomy":"category","embeddable":true,"href":"https:\/\/casuscon.uwr.edu.pl\/en\/wp-json\/wp\/v2\/categories\/?post=305"},{"taxonomy":"post_tag","embeddable":true,"href":"https:\/\/casuscon.uwr.edu.pl\/en\/wp-json\/wp\/v2\/tags\/?post=305"}],"curies":[{"name":"wp","href":"https:\/\/api.w.org\/{rel}","templated":true}]}}