{"id":22264,"date":"2022-03-31T12:09:10","date_gmt":"2022-03-31T10:09:10","guid":{"rendered":"https:\/\/casuscon.test.uwr.edu.pl\/?page_id=22264"},"modified":"2022-06-01T07:31:37","modified_gmt":"2022-06-01T05:31:37","slug":"accomodation","status":"publish","type":"page","link":"https:\/\/casuscon.uwr.edu.pl\/en\/accomodation\/","title":{"rendered":"Accommodation"},"content":{"rendered":"\n<div class=\"alignfull wp-block-ugb-container ugb-container podstrona_sekcje ugb-12c4a27 ugb-container--v2 ugb-container--design-plain ugb-main-block\"><style>@media screen and (min-width:768px){.ugb-12c4a27.ugb-container{margin-bottom:0px !important;padding-right:0px !important;padding-bottom:50px !important;padding-left:0px !important}}@media screen and (min-width:768px){.ugb-12c4a27 > .ugb-inner-block > .ugb-block-content > *{padding-top:0px !important;padding-bottom:0px !important;padding-right:0px !important;padding-left:0px !important}}<\/style><div class=\"ugb-inner-block\"><div class=\"ugb-block-content\"><div class=\"ugb-container__wrapper ugb-12c4a27-wrapper\"><div class=\"ugb-container__side\"><div class=\"ugb-container__content-wrapper ugb-12c4a27-content-wrapper\">\n<div class=\"wp-block-media-text alignwide is-stacked-on-mobile is-vertically-aligned-top is-image-fill bs-naglowek-szablonu-kolumny\"><figure class=\"wp-block-media-text__media\" style=\"background-image:url(https:\/\/casuscon.uwr.edu.pl\/wp-content\/uploads\/sites\/27\/2022\/03\/accomodation-1600x1119.png);background-position:50% 50%\"><img decoding=\"async\" src=\"https:\/\/casuscon.uwr.edu.pl\/wp-content\/uploads\/sites\/27\/2022\/03\/accomodation-1600x1119.png\" alt=\"\" class=\"wp-image-22266 size-full\"\/><\/figure><div class=\"wp-block-media-text__content\">\n<div class=\"wp-block-bonasoft-modular-breadcrumbs-block\"><div class=\"bs_add_breadcrumb_trail\"><\/div><\/div>\n\n\n\n<hr class=\"wp-block-separator has-text-color has-background has-black-background-color has-black-color is-style-wide bs-border-kontakt\"\/>\n\n\n\n<h1 class=\"bs-naglowek-podstrony wp-block-heading\"><strong>Accommodation<\/strong><\/h1>\n\n\n\n<div style=\"height:50px\" aria-hidden=\"true\" class=\"wp-block-spacer\"><\/div>\n\n\n\n<p><\/p>\n<\/div><\/div>\n\n\n\n<div class=\"wp-block-ugb-container ugb-container ugb-002ab8b ugb-container--v2 ugb-container--design-plain ugb-main-block\"><style>@media screen and (min-width:768px){.ugb-002ab8b.ugb-container{margin-bottom:0% !important;margin-right:6% !important;margin-left:6% !important}}@media screen and (min-width:768px){.ugb-002ab8b > .ugb-inner-block > .ugb-block-content > *{padding-top:0px !important;padding-bottom:0px !important;padding-right:0px !important;padding-left:0px !important}}<\/style><div class=\"ugb-inner-block\"><div class=\"ugb-block-content\"><div class=\"ugb-container__wrapper ugb-002ab8b-wrapper\"><div class=\"ugb-container__side\"><div class=\"ugb-container__content-wrapper ugb-002ab8b-content-wrapper\">\n<p>The conference will be held in Wyndham Wroc\u0142aw Old Town Hotel, located in Wratislavia Center at ul. \u015bw. Miko\u0142aja 67. Rooms at Wyndham Hotel for the conference participants have been pre-booked at preferential rates, but reservations should be made and paid individually.<\/p>\n\n\n\n<p>Pre-booking is valid until 15 June 2022. In order to make a reservation please send an e-mail to: <a href=\"mailto:Reservations@wyndhamwroclawot.com\" target=\"_blank\" rel=\"noreferrer noopener\"><\/a><a href=\"mailto:reservations@wyndhamwroclawot.com\" target=\"_blank\" rel=\"noreferrer noopener\">reservations@wyndhamwroclawot.com<\/a>, using the password: &#8220;Konferencja CASUS&#8221;. Please note that the rooms offered at preferential rates exclusively for the conference participants will not be available past 15 June, and that the organizers cannot guarantee the availability of any rooms at Wyndham Wroc\u0142aw Old Town after that date.<\/p>\n\n\n\n<p>The price for a single Superior room is 450 PLN per night (breakfast included). A single Classic room costs 410 PLN (breakfast included). The price for a parking spot is 120 PLN per day.<\/p>\n\n\n\n<p>To see full amenities go to:<\/p>\n\n\n\n<p><a href=\"https:\/\/www.wyndhamhotels.com\/wyndham\/wroclaw-poland\/wyndham-wroclaw-old-town\/overview\">https:\/\/www.wyndhamhotels.com\/wyndham\/wroclaw-poland\/wyndham-wroclaw-old-town\/overview<\/a><\/p>\n\n\n\n<p>In case of any problems or questions please reach out to: casuscon@uwr.edu.pl<\/p>\n\n\n\n<p><\/p>\n\n\n\n<p><\/p>\n\n\n\n<p><\/p>\n\n\n\n<p><\/p>\n\n\n\n<p><\/p>\n\n\n\n<p><\/p>\n\n\n\n<p><\/p>\n\n\n\n<p><\/p>\n\n\n\n<p><\/p>\n<\/div><\/div><\/div><\/div><\/div><\/div>\n\n\n\n<p><\/p>\n<\/div><\/div><\/div><\/div><\/div><\/div>\n","protected":false},"excerpt":{"rendered":"<p>Accommodation The conference will be held in Wyndham Wroc\u0142aw Old Town Hotel, located in Wratislavia Center at ul. \u015bw. Miko\u0142aja 67. Rooms at Wyndham Hotel for the conference participants have been pre-booked at preferential rates, but reservations should be made and paid individually. Pre-booking is valid until 15 June 2022. In order to make a [&hellip;]<\/p>\n","protected":false},"author":20,"featured_media":0,"parent":0,"menu_order":0,"comment_status":"closed","ping_status":"closed","template":"","meta":{"_acf_changed":false,"inline_featured_image":false,"site-sidebar-layout":"default","site-content-layout":"","ast-site-content-layout":"default","site-content-style":"default","site-sidebar-style":"default","ast-global-header-display":"","ast-banner-title-visibility":"","ast-main-header-display":"","ast-hfb-above-header-display":"","ast-hfb-below-header-display":"","ast-hfb-mobile-header-display":"","site-post-title":"","ast-breadcrumbs-content":"","ast-featured-img":"","footer-sml-layout":"","ast-disable-related-posts":"","theme-transparent-header-meta":"","adv-header-id-meta":"","stick-header-meta":"","header-above-stick-meta":"","header-main-stick-meta":"","header-below-stick-meta":"","astra-migrate-meta-layouts":"default","ast-page-background-enabled":"default","ast-page-background-meta":{"desktop":{"background-color":"","background-image":"","background-repeat":"repeat","background-position":"center center","background-size":"auto","background-attachment":"scroll","background-type":"","background-media":"","overlay-type":"","overlay-color":"","overlay-opacity":"","overlay-gradient":""},"tablet":{"background-color":"","background-image":"","background-repeat":"repeat","background-position":"center center","background-size":"auto","background-attachment":"scroll","background-type":"","background-media":"","overlay-type":"","overlay-color":"","overlay-opacity":"","overlay-gradient":""},"mobile":{"background-color":"","background-image":"","background-repeat":"repeat","background-position":"center center","background-size":"auto","background-attachment":"scroll","background-type":"","background-media":"","overlay-type":"","overlay-color":"","overlay-opacity":"","overlay-gradient":""}},"ast-content-background-meta":{"desktop":{"background-color":"var(--ast-global-color-5)","background-image":"","background-repeat":"repeat","background-position":"center center","background-size":"auto","background-attachment":"scroll","background-type":"","background-media":"","overlay-type":"","overlay-color":"","overlay-opacity":"","overlay-gradient":""},"tablet":{"background-color":"var(--ast-global-color-5)","background-image":"","background-repeat":"repeat","background-position":"center center","background-size":"auto","background-attachment":"scroll","background-type":"","background-media":"","overlay-type":"","overlay-color":"","overlay-opacity":"","overlay-gradient":""},"mobile":{"background-color":"var(--ast-global-color-5)","background-image":"","background-repeat":"repeat","background-position":"center center","background-size":"auto","background-attachment":"scroll","background-type":"","background-media":"","overlay-type":"","overlay-color":"","overlay-opacity":"","overlay-gradient":""}},"footnotes":""},"categories":[],"tags":[],"class_list":["post-22264","page","type-page","status-publish","hentry"],"featured_image_urls_v2":{"full":"","thumbnail":"","medium":"","medium_large":"","large":"","1536x1536":"","2048x2048":"","menu-24x24":"","menu-36x36":"","menu-48x48":""},"post_excerpt_stackable_v2":"<p>Accommodation The conference will be held in Wyndham Wroc\u0142aw Old Town Hotel, located in Wratislavia Center at ul. \u015bw. Miko\u0142aja 67. Rooms at Wyndham Hotel for the conference participants have been pre-booked at preferential rates, but reservations should be made and paid individually. Pre-booking is valid until 15 June 2022. In order to make a reservation please send an e-mail to: reservations@wyndhamwroclawot.com, using the password: &#8220;Konferencja CASUS&#8221;. Please note that the rooms offered at preferential rates exclusively for the conference participants will not be available past 15 June, and that the organizers cannot guarantee the availability of any rooms at&hellip;<\/p>\n","category_list_v2":"Uncategorized","author_info_v2":{"name":"mmatlinski","url":"https:\/\/casuscon.uwr.edu.pl\/en\/author\/mmatlinski\/"},"comments_num_v2":"0 comments","acf":[],"yoast_head":"<!-- This site is optimized with the Yoast SEO plugin v27.1.1 - https:\/\/yoast.com\/product\/yoast-seo-wordpress\/ -->\n<title>Accommodation - CASUSCON<\/title>\n<meta name=\"description\" content=\"UWr-CASUS-HZDR International Conference on Advanced Systems Research (CASUSCON)\" \/>\n<meta name=\"robots\" content=\"index, follow, max-snippet:-1, max-image-preview:large, max-video-preview:-1\" \/>\n<link rel=\"canonical\" href=\"https:\/\/casuscon.uwr.edu.pl\/en\/accomodation\/\" \/>\n<meta property=\"og:locale\" content=\"en_US\" \/>\n<meta property=\"og:type\" content=\"article\" \/>\n<meta property=\"og:title\" content=\"Accommodation - CASUSCON\" \/>\n<meta property=\"og:description\" content=\"UWr-CASUS-HZDR International Conference on Advanced Systems Research (CASUSCON)\" \/>\n<meta property=\"og:url\" content=\"https:\/\/casuscon.uwr.edu.pl\/en\/accomodation\/\" \/>\n<meta property=\"og:site_name\" content=\"CASUSCON\" \/>\n<meta property=\"article:modified_time\" content=\"2022-06-01T05:31:37+00:00\" \/>\n<meta property=\"og:image\" content=\"https:\/\/casuscon.uwr.edu.pl\/wp-content\/uploads\/sites\/27\/2022\/03\/accomodation-1600x1119.png\" \/>\n<meta name=\"twitter:card\" content=\"summary_large_image\" \/>\n<meta name=\"twitter:label1\" content=\"Est. reading time\" \/>\n\t<meta name=\"twitter:data1\" content=\"2 minutes\" \/>\n<script type=\"application\/ld+json\" class=\"yoast-schema-graph\">{\"@context\":\"https:\/\/schema.org\",\"@graph\":[{\"@type\":\"WebPage\",\"@id\":\"https:\/\/casuscon.uwr.edu.pl\/en\/accomodation\/\",\"url\":\"https:\/\/casuscon.uwr.edu.pl\/en\/accomodation\/\",\"name\":\"Accommodation - CASUSCON\",\"isPartOf\":{\"@id\":\"https:\/\/casuscon.uwr.edu.pl\/en\/#website\"},\"primaryImageOfPage\":{\"@id\":\"https:\/\/casuscon.uwr.edu.pl\/en\/accomodation\/#primaryimage\"},\"image\":{\"@id\":\"https:\/\/casuscon.uwr.edu.pl\/en\/accomodation\/#primaryimage\"},\"thumbnailUrl\":\"https:\/\/casuscon.uwr.edu.pl\/wp-content\/uploads\/sites\/27\/2022\/03\/accomodation-1600x1119.png\",\"datePublished\":\"2022-03-31T10:09:10+00:00\",\"dateModified\":\"2022-06-01T05:31:37+00:00\",\"description\":\"UWr-CASUS-HZDR International Conference on Advanced Systems Research (CASUSCON)\",\"breadcrumb\":{\"@id\":\"https:\/\/casuscon.uwr.edu.pl\/en\/accomodation\/#breadcrumb\"},\"inLanguage\":\"en-US\",\"potentialAction\":[{\"@type\":\"ReadAction\",\"target\":[\"https:\/\/casuscon.uwr.edu.pl\/en\/accomodation\/\"]}]},{\"@type\":\"ImageObject\",\"inLanguage\":\"en-US\",\"@id\":\"https:\/\/casuscon.uwr.edu.pl\/en\/accomodation\/#primaryimage\",\"url\":\"https:\/\/casuscon.uwr.edu.pl\/wp-content\/uploads\/sites\/27\/2022\/03\/accomodation-1600x1119.png\",\"contentUrl\":\"https:\/\/casuscon.uwr.edu.pl\/wp-content\/uploads\/sites\/27\/2022\/03\/accomodation-1600x1119.png\"},{\"@type\":\"BreadcrumbList\",\"@id\":\"https:\/\/casuscon.uwr.edu.pl\/en\/accomodation\/#breadcrumb\",\"itemListElement\":[{\"@type\":\"ListItem\",\"position\":1,\"name\":\"Main Page\",\"item\":\"https:\/\/casuscon.uwr.edu.pl\/en\/\"},{\"@type\":\"ListItem\",\"position\":2,\"name\":\"Accommodation\"}]},{\"@type\":\"WebSite\",\"@id\":\"https:\/\/casuscon.uwr.edu.pl\/en\/#website\",\"url\":\"https:\/\/casuscon.uwr.edu.pl\/en\/\",\"name\":\"CASUSCON\",\"description\":\"Kolejna witryna sieci \u201eUWR Witryny\u201d\",\"publisher\":{\"@id\":\"https:\/\/casuscon.uwr.edu.pl\/en\/#organization\"},\"potentialAction\":[{\"@type\":\"SearchAction\",\"target\":{\"@type\":\"EntryPoint\",\"urlTemplate\":\"https:\/\/casuscon.uwr.edu.pl\/en\/?s={search_term_string}\"},\"query-input\":{\"@type\":\"PropertyValueSpecification\",\"valueRequired\":true,\"valueName\":\"search_term_string\"}}],\"inLanguage\":\"en-US\"},{\"@type\":\"Organization\",\"@id\":\"https:\/\/casuscon.uwr.edu.pl\/en\/#organization\",\"name\":\"CASUSCON\",\"url\":\"https:\/\/casuscon.uwr.edu.pl\/en\/\",\"logo\":{\"@type\":\"ImageObject\",\"inLanguage\":\"en-US\",\"@id\":\"https:\/\/casuscon.uwr.edu.pl\/en\/#\/schema\/logo\/image\/\",\"url\":\"https:\/\/casuscon.uwr.edu.pl\/wp-content\/uploads\/sites\/27\/2025\/10\/UWr-logotyp-2025.png\",\"contentUrl\":\"https:\/\/casuscon.uwr.edu.pl\/wp-content\/uploads\/sites\/27\/2025\/10\/UWr-logotyp-2025.png\",\"width\":764,\"height\":269,\"caption\":\"CASUSCON\"},\"image\":{\"@id\":\"https:\/\/casuscon.uwr.edu.pl\/en\/#\/schema\/logo\/image\/\"}}]}<\/script>\n<!-- \/ Yoast SEO plugin. -->","yoast_head_json":{"title":"Accommodation - CASUSCON","description":"UWr-CASUS-HZDR International Conference on Advanced Systems Research (CASUSCON)","robots":{"index":"index","follow":"follow","max-snippet":"max-snippet:-1","max-image-preview":"max-image-preview:large","max-video-preview":"max-video-preview:-1"},"canonical":"https:\/\/casuscon.uwr.edu.pl\/en\/accomodation\/","og_locale":"en_US","og_type":"article","og_title":"Accommodation - CASUSCON","og_description":"UWr-CASUS-HZDR International Conference on Advanced Systems Research (CASUSCON)","og_url":"https:\/\/casuscon.uwr.edu.pl\/en\/accomodation\/","og_site_name":"CASUSCON","article_modified_time":"2022-06-01T05:31:37+00:00","og_image":[{"url":"https:\/\/casuscon.uwr.edu.pl\/wp-content\/uploads\/sites\/27\/2022\/03\/accomodation-1600x1119.png","type":"","width":"","height":""}],"twitter_card":"summary_large_image","twitter_misc":{"Est. reading time":"2 minutes"},"schema":{"@context":"https:\/\/schema.org","@graph":[{"@type":"WebPage","@id":"https:\/\/casuscon.uwr.edu.pl\/en\/accomodation\/","url":"https:\/\/casuscon.uwr.edu.pl\/en\/accomodation\/","name":"Accommodation - CASUSCON","isPartOf":{"@id":"https:\/\/casuscon.uwr.edu.pl\/en\/#website"},"primaryImageOfPage":{"@id":"https:\/\/casuscon.uwr.edu.pl\/en\/accomodation\/#primaryimage"},"image":{"@id":"https:\/\/casuscon.uwr.edu.pl\/en\/accomodation\/#primaryimage"},"thumbnailUrl":"https:\/\/casuscon.uwr.edu.pl\/wp-content\/uploads\/sites\/27\/2022\/03\/accomodation-1600x1119.png","datePublished":"2022-03-31T10:09:10+00:00","dateModified":"2022-06-01T05:31:37+00:00","description":"UWr-CASUS-HZDR International Conference on Advanced Systems Research (CASUSCON)","breadcrumb":{"@id":"https:\/\/casuscon.uwr.edu.pl\/en\/accomodation\/#breadcrumb"},"inLanguage":"en-US","potentialAction":[{"@type":"ReadAction","target":["https:\/\/casuscon.uwr.edu.pl\/en\/accomodation\/"]}]},{"@type":"ImageObject","inLanguage":"en-US","@id":"https:\/\/casuscon.uwr.edu.pl\/en\/accomodation\/#primaryimage","url":"https:\/\/casuscon.uwr.edu.pl\/wp-content\/uploads\/sites\/27\/2022\/03\/accomodation-1600x1119.png","contentUrl":"https:\/\/casuscon.uwr.edu.pl\/wp-content\/uploads\/sites\/27\/2022\/03\/accomodation-1600x1119.png"},{"@type":"BreadcrumbList","@id":"https:\/\/casuscon.uwr.edu.pl\/en\/accomodation\/#breadcrumb","itemListElement":[{"@type":"ListItem","position":1,"name":"Main Page","item":"https:\/\/casuscon.uwr.edu.pl\/en\/"},{"@type":"ListItem","position":2,"name":"Accommodation"}]},{"@type":"WebSite","@id":"https:\/\/casuscon.uwr.edu.pl\/en\/#website","url":"https:\/\/casuscon.uwr.edu.pl\/en\/","name":"CASUSCON","description":"Kolejna witryna sieci \u201eUWR Witryny\u201d","publisher":{"@id":"https:\/\/casuscon.uwr.edu.pl\/en\/#organization"},"potentialAction":[{"@type":"SearchAction","target":{"@type":"EntryPoint","urlTemplate":"https:\/\/casuscon.uwr.edu.pl\/en\/?s={search_term_string}"},"query-input":{"@type":"PropertyValueSpecification","valueRequired":true,"valueName":"search_term_string"}}],"inLanguage":"en-US"},{"@type":"Organization","@id":"https:\/\/casuscon.uwr.edu.pl\/en\/#organization","name":"CASUSCON","url":"https:\/\/casuscon.uwr.edu.pl\/en\/","logo":{"@type":"ImageObject","inLanguage":"en-US","@id":"https:\/\/casuscon.uwr.edu.pl\/en\/#\/schema\/logo\/image\/","url":"https:\/\/casuscon.uwr.edu.pl\/wp-content\/uploads\/sites\/27\/2025\/10\/UWr-logotyp-2025.png","contentUrl":"https:\/\/casuscon.uwr.edu.pl\/wp-content\/uploads\/sites\/27\/2025\/10\/UWr-logotyp-2025.png","width":764,"height":269,"caption":"CASUSCON"},"image":{"@id":"https:\/\/casuscon.uwr.edu.pl\/en\/#\/schema\/logo\/image\/"}}]}},"publishpress_future_action":{"enabled":false,"date":"2026-04-23 02:40:31","action":"change-status","newStatus":"draft","terms":[],"taxonomy":"category","extraData":[]},"publishpress_future_workflow_manual_trigger":{"enabledWorkflows":[]},"_links":{"self":[{"href":"https:\/\/casuscon.uwr.edu.pl\/en\/wp-json\/wp\/v2\/pages\/22264\/"}],"collection":[{"href":"https:\/\/casuscon.uwr.edu.pl\/en\/wp-json\/wp\/v2\/pages\/"}],"about":[{"href":"https:\/\/casuscon.uwr.edu.pl\/en\/wp-json\/wp\/v2\/types\/page\/"}],"author":[{"embeddable":true,"href":"https:\/\/casuscon.uwr.edu.pl\/en\/wp-json\/wp\/v2\/users\/20\/"}],"replies":[{"embeddable":true,"href":"https:\/\/casuscon.uwr.edu.pl\/en\/wp-json\/wp\/v2\/comments\/?post=22264"}],"version-history":[{"count":4,"href":"https:\/\/casuscon.uwr.edu.pl\/en\/wp-json\/wp\/v2\/pages\/22264\/revisions\/"}],"predecessor-version":[{"id":23361,"href":"https:\/\/casuscon.uwr.edu.pl\/en\/wp-json\/wp\/v2\/pages\/22264\/revisions\/23361\/"}],"wp:attachment":[{"href":"https:\/\/casuscon.uwr.edu.pl\/en\/wp-json\/wp\/v2\/media\/?parent=22264"}],"wp:term":[{"taxonomy":"category","embeddable":true,"href":"https:\/\/casuscon.uwr.edu.pl\/en\/wp-json\/wp\/v2\/categories\/?post=22264"},{"taxonomy":"post_tag","embeddable":true,"href":"https:\/\/casuscon.uwr.edu.pl\/en\/wp-json\/wp\/v2\/tags\/?post=22264"}],"curies":[{"name":"wp","href":"https:\/\/api.w.org\/{rel}","templated":true}]}}