{"id":22226,"date":"2022-03-31T11:46:58","date_gmt":"2022-03-31T09:46:58","guid":{"rendered":"https:\/\/casuscon.test.uwr.edu.pl\/?page_id=22226"},"modified":"2022-07-07T09:06:33","modified_gmt":"2022-07-07T07:06:33","slug":"confirmed-invited-speakers","status":"publish","type":"page","link":"https:\/\/casuscon.uwr.edu.pl\/en\/confirmed-invited-speakers\/","title":{"rendered":"Confirmed speakers"},"content":{"rendered":"\n<div class=\"wp-block-ugb-container ugb-container blok_nowa_podstrona ugb-8dda971 ugb-container--v2 ugb-container--design-plain ugb-main-block\"><div class=\"ugb-inner-block\"><div class=\"ugb-block-content\"><div class=\"ugb-container__wrapper ugb-8dda971-wrapper\"><div class=\"ugb-container__side\"><div class=\"ugb-container__content-wrapper ugb-8dda971-content-wrapper\">\n<div class=\"wp-block-columns bs-news-page is-layout-flex wp-block-columns-is-layout-flex\">\n<div class=\"wp-block-column bs-kontakt-photo is-layout-flow wp-block-column-is-layout-flow\">\n<figure class=\"wp-block-image size-large\"><img decoding=\"async\" src=\"https:\/\/casuscon.uwr.edu.pl\/wp-content\/uploads\/sites\/27\/2021\/05\/4D8A5932-35-35-1024x683.jpg\" alt=\"\" class=\"wp-image-4025\"\/><\/figure>\n<\/div>\n\n\n\n<div class=\"wp-block-column bs-contact-right-column is-layout-flow wp-block-column-is-layout-flow\">\n<div class=\"wp-block-bonasoft-modular-breadcrumbs-block\"><div class=\"bs_add_breadcrumb_trail\"><\/div><\/div>\n\n\n\n<hr class=\"wp-block-separator has-text-color has-background has-black-background-color has-black-color is-style-wide bs-border-kontakt\"\/>\n\n\n<h1 style=\"font-style:normal;font-weight:700;\" class=\"bs-naglowek-podstrony wp-block-post-title\">Confirmed speakers<\/h1>\n\n\n<p>Dr. Naser Ahmadiniaz &#8211; HZDR<br>Dr. Shavkat Akhmadaliev &#8211; HZDR<br>Prof. Daniel Bemmerer &#8211; HZDR,  Nuclear Astrophysics Group Leader, Technical Director of Felsenkeller Accelerator<br>Prof. Dr. Hab. David Blaschke &#8211; UWr, Institute of Theoretical Physics<br>Dr. Hab. Pawe\u0142 B\u0142a\u017cej &#8211; UWr, Faculty of Biotechnology<br>Prof. Dr. Hab. Ma\u0142gorzata Bogdan &#8211; UWr, Mathematical Institute<br>Prof. Dr. Hab. Wojciech Bo\u017cejko &#8211; Wroc\u0142aw University of Science and Technology<br>Dr. Marin Bukov &#8211; Max Planck Institute for the Physics of Complex Systems<br>Prof. Maksym Buryi &#8211; FZU, Institute of Physics of the Czech Academy of Sciences<br>Dr. Michael Bussmann &#8211; HZDR, CASUS Founding Manager <br>Prof. Justin Calabrese &#8211; HZDR, CASUS Research Leader<br>Dr. Attila Cangi &#8211; HZDR, CASUS Research Leader<br>Dr. Hab. Aleksander Czogalla &#8211; UWr, Faculty of Biotechnology<br>Prof. Dr. Hab. Anna Czy\u017c &#8211; Wroc\u0142aw Medical University<br>Dr. Tobias Dornheim &#8211; HZDR, CASUS Young Investigator Group Leader<br>Prof. Kerstin Eckert &#8211; HZDR, Head of Transport Processes at Interfaces<br>Dr. Pavel Evtushenko &#8211; HZDR, Radiation Source ELBE<br>Prof. Karim Fahmy &#8211; HZDR, Head of Biophysics Department<br>PD Dr. Cornelius Fischer &#8211; HZDR, Head of Reactive Transport Department<br>Dr. Rico Friedrich &#8211; HZDR<br>Dr. Przemys\u0142aw Gagat &#8211; UWr, Faculty of Biotechnology<br>Dr. Michael Hecht &#8211; HZDR, CASUS Young Investigator Group Leader<br>Prof. Dr. Thomas Heine &#8211; HZDR, Chair of Theoretical Chemistry, TU Dresden<br>Dr. Sascha Heitkam &#8211; HZDR, Transport Processes at Interfaces<br>Dr. Bartosz Helfer &#8211; UWr, Incubator of Scientific Excellence Meta Research Center<br>Dr. Pasi Huovinen &#8211; UWr<br>Prof. Dr. Hab. Krzysztof Ka\u0142wak &#8211; Wroc\u0142aw Medical University<br>Prof. Matthias Kaminski &#8211; University of Alabama<br>Dr. John Michael Klopf &#8211; HZDR, Radiation Source ELBE<br>Prof. Mechthild Krause &#8211; HZDR, Director of OncoRay<br>Prof. Dr. Hab. Tyll Thomas Kr\u00fcger &#8211; Wroc\u0142aw University of Science and Technology<br>PD Dr. Agnieszka Beata Kuc &#8211; HZDR, Group Leader <br>Prof. Pok Man Lo &#8211; UWr, Institute of Theoretical Physics<br>Dr. Zhandos Moldabekov &#8211; HZDR, CASUS<br>Prof. Dr. Hab. Tomasz Paw\u0142owski &#8211; UWr<br>Dr. Katrin Pollmann &#8211; HZDR, Head of Biotechnology<br>Prof. Dr. Hab. Piotr Ponikowski &#8211; Rector of Wroc\u0142aw Medical University<br>Dr. Kay Potzger &#8211; HZDR, Head of Project Interface Magnetism<br>Dr. Hab. Mariusz Ptak &#8211; Wroc\u0142aw University of Science and Technology<br>Dr. S\u0142awomir Prucnal &#8211; HZDR, Semiconductor Materials<br>Prof. Dr. Hab. Witold Rohm &#8211; Wroc\u0142aw University of Environmental and Life Sciences<br>Prof. Gerd Roepke\u00a0&#8211; University of Rostock<br>Dr. Martin Rudolph &#8211; HZDR, Head of Processing<br>Dr. Weronika Schlechte-We\u0142nicz &#8211; HZDR, CASUS<br>Prof. Dr. Dr. Hc. Mult. Sebastian M. Schmidt &#8211; HZDR, Scientific Director<br>Prof. Dr. Ralf Sch\u00fctzhold &#8211; HZDR, Director of Theoretical Physics<br>Prof. Dr. Hab. Krzysztof So\u015bnica &#8211; Wroc\u0142aw University of Environmental and Life Sciences<br>Dr. Hab. Ma\u0142gorzata Werner &#8211; UWr, Department of Climatology and Atmosphere Protection<br>Prof. Dr. Joachim Wosnitza &#8211; HZDR, Director of Dresden High Magnetic Field Laboratory<br>Dr. Artur Yakimovich &#8211; HZDR, CASUS Young Investigator Group Leader<br><br><\/p>\n<\/div>\n<\/div>\n\n\n\n<div class=\"wp-block-ugb-container ugb-container bs-news-page-under ugb-f8694ce ugb-container--v2 ugb-container--design-plain ugb-main-block\"><div class=\"ugb-inner-block\"><div class=\"ugb-block-content\"><div class=\"ugb-container__wrapper ugb-f8694ce-wrapper\"><div class=\"ugb-container__side\"><div class=\"ugb-container__content-wrapper ugb-f8694ce-content-wrapper\"><\/div><\/div><\/div><\/div><\/div><\/div>\n<\/div><\/div><\/div><\/div><\/div><\/div>\n","protected":false},"excerpt":{"rendered":"<p>Dr. Naser Ahmadiniaz &#8211; HZDRDr. Shavkat Akhmadaliev &#8211; HZDRProf. Daniel Bemmerer &#8211; HZDR, Nuclear Astrophysics Group Leader, Technical Director of Felsenkeller AcceleratorProf. Dr. Hab. David Blaschke &#8211; UWr, Institute of Theoretical PhysicsDr. Hab. Pawe\u0142 B\u0142a\u017cej &#8211; UWr, Faculty of BiotechnologyProf. Dr. Hab. Ma\u0142gorzata Bogdan &#8211; UWr, Mathematical InstituteProf. Dr. Hab. Wojciech Bo\u017cejko &#8211; Wroc\u0142aw University [&hellip;]<\/p>\n","protected":false},"author":20,"featured_media":0,"parent":0,"menu_order":0,"comment_status":"closed","ping_status":"closed","template":"","meta":{"_acf_changed":false,"inline_featured_image":false,"site-sidebar-layout":"default","site-content-layout":"","ast-site-content-layout":"default","site-content-style":"default","site-sidebar-style":"default","ast-global-header-display":"","ast-banner-title-visibility":"","ast-main-header-display":"","ast-hfb-above-header-display":"","ast-hfb-below-header-display":"","ast-hfb-mobile-header-display":"","site-post-title":"","ast-breadcrumbs-content":"","ast-featured-img":"","footer-sml-layout":"","ast-disable-related-posts":"","theme-transparent-header-meta":"","adv-header-id-meta":"","stick-header-meta":"","header-above-stick-meta":"","header-main-stick-meta":"","header-below-stick-meta":"","astra-migrate-meta-layouts":"default","ast-page-background-enabled":"default","ast-page-background-meta":{"desktop":{"background-color":"","background-image":"","background-repeat":"repeat","background-position":"center center","background-size":"auto","background-attachment":"scroll","background-type":"","background-media":"","overlay-type":"","overlay-color":"","overlay-opacity":"","overlay-gradient":""},"tablet":{"background-color":"","background-image":"","background-repeat":"repeat","background-position":"center center","background-size":"auto","background-attachment":"scroll","background-type":"","background-media":"","overlay-type":"","overlay-color":"","overlay-opacity":"","overlay-gradient":""},"mobile":{"background-color":"","background-image":"","background-repeat":"repeat","background-position":"center center","background-size":"auto","background-attachment":"scroll","background-type":"","background-media":"","overlay-type":"","overlay-color":"","overlay-opacity":"","overlay-gradient":""}},"ast-content-background-meta":{"desktop":{"background-color":"var(--ast-global-color-5)","background-image":"","background-repeat":"repeat","background-position":"center center","background-size":"auto","background-attachment":"scroll","background-type":"","background-media":"","overlay-type":"","overlay-color":"","overlay-opacity":"","overlay-gradient":""},"tablet":{"background-color":"var(--ast-global-color-5)","background-image":"","background-repeat":"repeat","background-position":"center center","background-size":"auto","background-attachment":"scroll","background-type":"","background-media":"","overlay-type":"","overlay-color":"","overlay-opacity":"","overlay-gradient":""},"mobile":{"background-color":"var(--ast-global-color-5)","background-image":"","background-repeat":"repeat","background-position":"center center","background-size":"auto","background-attachment":"scroll","background-type":"","background-media":"","overlay-type":"","overlay-color":"","overlay-opacity":"","overlay-gradient":""}},"footnotes":""},"categories":[],"tags":[],"class_list":["post-22226","page","type-page","status-publish","hentry"],"featured_image_urls_v2":{"full":"","thumbnail":"","medium":"","medium_large":"","large":"","1536x1536":"","2048x2048":"","menu-24x24":"","menu-36x36":"","menu-48x48":""},"post_excerpt_stackable_v2":"<p>Confirmed speakers Dr. Naser Ahmadiniaz &#8211; HZDRDr. Shavkat Akhmadaliev &#8211; HZDRProf. Daniel Bemmerer &#8211; HZDR, Nuclear Astrophysics Group Leader, Technical Director of Felsenkeller AcceleratorProf. Dr. Hab. David Blaschke &#8211; UWr, Institute of Theoretical PhysicsDr. Hab. Pawe\u0142 B\u0142a\u017cej &#8211; UWr, Faculty of BiotechnologyProf. Dr. Hab. Ma\u0142gorzata Bogdan &#8211; UWr, Mathematical InstituteProf. Dr. Hab. Wojciech Bo\u017cejko &#8211; Wroc\u0142aw University of Science and TechnologyDr. Marin Bukov &#8211; Max Planck Institute for the Physics of Complex SystemsProf. Maksym Buryi &#8211; FZU, Institute of Physics of the Czech Academy of SciencesDr. Michael Bussmann &#8211; HZDR, CASUS Founding Manager Prof. Justin Calabrese &#8211; HZDR, CASUS Research&hellip;<\/p>\n","category_list_v2":"Uncategorized","author_info_v2":{"name":"mmatlinski","url":"https:\/\/casuscon.uwr.edu.pl\/en\/author\/mmatlinski\/"},"comments_num_v2":"0 comments","acf":[],"yoast_head":"<!-- This site is optimized with the Yoast SEO plugin v27.1.1 - https:\/\/yoast.com\/product\/yoast-seo-wordpress\/ -->\n<title>Confirmed speakers - CASUSCON<\/title>\n<meta name=\"description\" content=\"UWr-CASUS-HZDR International Conference on Advanced Systems Research (CASUSCON)\" \/>\n<meta name=\"robots\" content=\"index, follow, max-snippet:-1, max-image-preview:large, max-video-preview:-1\" \/>\n<link rel=\"canonical\" href=\"https:\/\/casuscon.uwr.edu.pl\/en\/confirmed-invited-speakers\/\" \/>\n<meta property=\"og:locale\" content=\"en_US\" \/>\n<meta property=\"og:type\" content=\"article\" \/>\n<meta property=\"og:title\" content=\"Confirmed speakers - CASUSCON\" \/>\n<meta property=\"og:description\" content=\"UWr-CASUS-HZDR International Conference on Advanced Systems Research (CASUSCON)\" \/>\n<meta property=\"og:url\" content=\"https:\/\/casuscon.uwr.edu.pl\/en\/confirmed-invited-speakers\/\" \/>\n<meta property=\"og:site_name\" content=\"CASUSCON\" \/>\n<meta property=\"article:modified_time\" content=\"2022-07-07T07:06:33+00:00\" \/>\n<meta property=\"og:image\" content=\"https:\/\/casuscon.uwr.edu.pl\/wp-content\/uploads\/sites\/27\/2021\/05\/4D8A5932-35-35-1024x683.jpg\" \/>\n<meta name=\"twitter:card\" content=\"summary_large_image\" \/>\n<meta name=\"twitter:label1\" content=\"Est. reading time\" \/>\n\t<meta name=\"twitter:data1\" content=\"3 minutes\" \/>\n<script type=\"application\/ld+json\" class=\"yoast-schema-graph\">{\"@context\":\"https:\/\/schema.org\",\"@graph\":[{\"@type\":\"WebPage\",\"@id\":\"https:\/\/casuscon.uwr.edu.pl\/en\/confirmed-invited-speakers\/\",\"url\":\"https:\/\/casuscon.uwr.edu.pl\/en\/confirmed-invited-speakers\/\",\"name\":\"Confirmed speakers - CASUSCON\",\"isPartOf\":{\"@id\":\"https:\/\/casuscon.uwr.edu.pl\/en\/#website\"},\"primaryImageOfPage\":{\"@id\":\"https:\/\/casuscon.uwr.edu.pl\/en\/confirmed-invited-speakers\/#primaryimage\"},\"image\":{\"@id\":\"https:\/\/casuscon.uwr.edu.pl\/en\/confirmed-invited-speakers\/#primaryimage\"},\"thumbnailUrl\":\"https:\/\/casuscon.uwr.edu.pl\/wp-content\/uploads\/sites\/27\/2021\/05\/4D8A5932-35-35-1024x683.jpg\",\"datePublished\":\"2022-03-31T09:46:58+00:00\",\"dateModified\":\"2022-07-07T07:06:33+00:00\",\"description\":\"UWr-CASUS-HZDR International Conference on Advanced Systems Research (CASUSCON)\",\"breadcrumb\":{\"@id\":\"https:\/\/casuscon.uwr.edu.pl\/en\/confirmed-invited-speakers\/#breadcrumb\"},\"inLanguage\":\"en-US\",\"potentialAction\":[{\"@type\":\"ReadAction\",\"target\":[\"https:\/\/casuscon.uwr.edu.pl\/en\/confirmed-invited-speakers\/\"]}]},{\"@type\":\"ImageObject\",\"inLanguage\":\"en-US\",\"@id\":\"https:\/\/casuscon.uwr.edu.pl\/en\/confirmed-invited-speakers\/#primaryimage\",\"url\":\"https:\/\/casuscon.uwr.edu.pl\/wp-content\/uploads\/sites\/27\/2021\/05\/4D8A5932-35-35-1024x683.jpg\",\"contentUrl\":\"https:\/\/casuscon.uwr.edu.pl\/wp-content\/uploads\/sites\/27\/2021\/05\/4D8A5932-35-35-1024x683.jpg\"},{\"@type\":\"BreadcrumbList\",\"@id\":\"https:\/\/casuscon.uwr.edu.pl\/en\/confirmed-invited-speakers\/#breadcrumb\",\"itemListElement\":[{\"@type\":\"ListItem\",\"position\":1,\"name\":\"Main Page\",\"item\":\"https:\/\/casuscon.uwr.edu.pl\/en\/\"},{\"@type\":\"ListItem\",\"position\":2,\"name\":\"Confirmed speakers\"}]},{\"@type\":\"WebSite\",\"@id\":\"https:\/\/casuscon.uwr.edu.pl\/en\/#website\",\"url\":\"https:\/\/casuscon.uwr.edu.pl\/en\/\",\"name\":\"CASUSCON\",\"description\":\"Kolejna witryna sieci \u201eUWR Witryny\u201d\",\"publisher\":{\"@id\":\"https:\/\/casuscon.uwr.edu.pl\/en\/#organization\"},\"potentialAction\":[{\"@type\":\"SearchAction\",\"target\":{\"@type\":\"EntryPoint\",\"urlTemplate\":\"https:\/\/casuscon.uwr.edu.pl\/en\/?s={search_term_string}\"},\"query-input\":{\"@type\":\"PropertyValueSpecification\",\"valueRequired\":true,\"valueName\":\"search_term_string\"}}],\"inLanguage\":\"en-US\"},{\"@type\":\"Organization\",\"@id\":\"https:\/\/casuscon.uwr.edu.pl\/en\/#organization\",\"name\":\"CASUSCON\",\"url\":\"https:\/\/casuscon.uwr.edu.pl\/en\/\",\"logo\":{\"@type\":\"ImageObject\",\"inLanguage\":\"en-US\",\"@id\":\"https:\/\/casuscon.uwr.edu.pl\/en\/#\/schema\/logo\/image\/\",\"url\":\"https:\/\/casuscon.uwr.edu.pl\/wp-content\/uploads\/sites\/27\/2025\/10\/UWr-logotyp-2025.png\",\"contentUrl\":\"https:\/\/casuscon.uwr.edu.pl\/wp-content\/uploads\/sites\/27\/2025\/10\/UWr-logotyp-2025.png\",\"width\":764,\"height\":269,\"caption\":\"CASUSCON\"},\"image\":{\"@id\":\"https:\/\/casuscon.uwr.edu.pl\/en\/#\/schema\/logo\/image\/\"}}]}<\/script>\n<!-- \/ Yoast SEO plugin. -->","yoast_head_json":{"title":"Confirmed speakers - CASUSCON","description":"UWr-CASUS-HZDR International Conference on Advanced Systems Research (CASUSCON)","robots":{"index":"index","follow":"follow","max-snippet":"max-snippet:-1","max-image-preview":"max-image-preview:large","max-video-preview":"max-video-preview:-1"},"canonical":"https:\/\/casuscon.uwr.edu.pl\/en\/confirmed-invited-speakers\/","og_locale":"en_US","og_type":"article","og_title":"Confirmed speakers - CASUSCON","og_description":"UWr-CASUS-HZDR International Conference on Advanced Systems Research (CASUSCON)","og_url":"https:\/\/casuscon.uwr.edu.pl\/en\/confirmed-invited-speakers\/","og_site_name":"CASUSCON","article_modified_time":"2022-07-07T07:06:33+00:00","og_image":[{"url":"https:\/\/casuscon.uwr.edu.pl\/wp-content\/uploads\/sites\/27\/2021\/05\/4D8A5932-35-35-1024x683.jpg","type":"","width":"","height":""}],"twitter_card":"summary_large_image","twitter_misc":{"Est. reading time":"3 minutes"},"schema":{"@context":"https:\/\/schema.org","@graph":[{"@type":"WebPage","@id":"https:\/\/casuscon.uwr.edu.pl\/en\/confirmed-invited-speakers\/","url":"https:\/\/casuscon.uwr.edu.pl\/en\/confirmed-invited-speakers\/","name":"Confirmed speakers - CASUSCON","isPartOf":{"@id":"https:\/\/casuscon.uwr.edu.pl\/en\/#website"},"primaryImageOfPage":{"@id":"https:\/\/casuscon.uwr.edu.pl\/en\/confirmed-invited-speakers\/#primaryimage"},"image":{"@id":"https:\/\/casuscon.uwr.edu.pl\/en\/confirmed-invited-speakers\/#primaryimage"},"thumbnailUrl":"https:\/\/casuscon.uwr.edu.pl\/wp-content\/uploads\/sites\/27\/2021\/05\/4D8A5932-35-35-1024x683.jpg","datePublished":"2022-03-31T09:46:58+00:00","dateModified":"2022-07-07T07:06:33+00:00","description":"UWr-CASUS-HZDR International Conference on Advanced Systems Research (CASUSCON)","breadcrumb":{"@id":"https:\/\/casuscon.uwr.edu.pl\/en\/confirmed-invited-speakers\/#breadcrumb"},"inLanguage":"en-US","potentialAction":[{"@type":"ReadAction","target":["https:\/\/casuscon.uwr.edu.pl\/en\/confirmed-invited-speakers\/"]}]},{"@type":"ImageObject","inLanguage":"en-US","@id":"https:\/\/casuscon.uwr.edu.pl\/en\/confirmed-invited-speakers\/#primaryimage","url":"https:\/\/casuscon.uwr.edu.pl\/wp-content\/uploads\/sites\/27\/2021\/05\/4D8A5932-35-35-1024x683.jpg","contentUrl":"https:\/\/casuscon.uwr.edu.pl\/wp-content\/uploads\/sites\/27\/2021\/05\/4D8A5932-35-35-1024x683.jpg"},{"@type":"BreadcrumbList","@id":"https:\/\/casuscon.uwr.edu.pl\/en\/confirmed-invited-speakers\/#breadcrumb","itemListElement":[{"@type":"ListItem","position":1,"name":"Main Page","item":"https:\/\/casuscon.uwr.edu.pl\/en\/"},{"@type":"ListItem","position":2,"name":"Confirmed speakers"}]},{"@type":"WebSite","@id":"https:\/\/casuscon.uwr.edu.pl\/en\/#website","url":"https:\/\/casuscon.uwr.edu.pl\/en\/","name":"CASUSCON","description":"Kolejna witryna sieci \u201eUWR Witryny\u201d","publisher":{"@id":"https:\/\/casuscon.uwr.edu.pl\/en\/#organization"},"potentialAction":[{"@type":"SearchAction","target":{"@type":"EntryPoint","urlTemplate":"https:\/\/casuscon.uwr.edu.pl\/en\/?s={search_term_string}"},"query-input":{"@type":"PropertyValueSpecification","valueRequired":true,"valueName":"search_term_string"}}],"inLanguage":"en-US"},{"@type":"Organization","@id":"https:\/\/casuscon.uwr.edu.pl\/en\/#organization","name":"CASUSCON","url":"https:\/\/casuscon.uwr.edu.pl\/en\/","logo":{"@type":"ImageObject","inLanguage":"en-US","@id":"https:\/\/casuscon.uwr.edu.pl\/en\/#\/schema\/logo\/image\/","url":"https:\/\/casuscon.uwr.edu.pl\/wp-content\/uploads\/sites\/27\/2025\/10\/UWr-logotyp-2025.png","contentUrl":"https:\/\/casuscon.uwr.edu.pl\/wp-content\/uploads\/sites\/27\/2025\/10\/UWr-logotyp-2025.png","width":764,"height":269,"caption":"CASUSCON"},"image":{"@id":"https:\/\/casuscon.uwr.edu.pl\/en\/#\/schema\/logo\/image\/"}}]}},"publishpress_future_action":{"enabled":false,"date":"2026-04-23 01:13:17","action":"change-status","newStatus":"draft","terms":[],"taxonomy":"category","extraData":[]},"publishpress_future_workflow_manual_trigger":{"enabledWorkflows":[]},"_links":{"self":[{"href":"https:\/\/casuscon.uwr.edu.pl\/en\/wp-json\/wp\/v2\/pages\/22226\/"}],"collection":[{"href":"https:\/\/casuscon.uwr.edu.pl\/en\/wp-json\/wp\/v2\/pages\/"}],"about":[{"href":"https:\/\/casuscon.uwr.edu.pl\/en\/wp-json\/wp\/v2\/types\/page\/"}],"author":[{"embeddable":true,"href":"https:\/\/casuscon.uwr.edu.pl\/en\/wp-json\/wp\/v2\/users\/20\/"}],"replies":[{"embeddable":true,"href":"https:\/\/casuscon.uwr.edu.pl\/en\/wp-json\/wp\/v2\/comments\/?post=22226"}],"version-history":[{"count":9,"href":"https:\/\/casuscon.uwr.edu.pl\/en\/wp-json\/wp\/v2\/pages\/22226\/revisions\/"}],"predecessor-version":[{"id":24002,"href":"https:\/\/casuscon.uwr.edu.pl\/en\/wp-json\/wp\/v2\/pages\/22226\/revisions\/24002\/"}],"wp:attachment":[{"href":"https:\/\/casuscon.uwr.edu.pl\/en\/wp-json\/wp\/v2\/media\/?parent=22226"}],"wp:term":[{"taxonomy":"category","embeddable":true,"href":"https:\/\/casuscon.uwr.edu.pl\/en\/wp-json\/wp\/v2\/categories\/?post=22226"},{"taxonomy":"post_tag","embeddable":true,"href":"https:\/\/casuscon.uwr.edu.pl\/en\/wp-json\/wp\/v2\/tags\/?post=22226"}],"curies":[{"name":"wp","href":"https:\/\/api.w.org\/{rel}","templated":true}]}}