{"id":22187,"date":"2022-03-31T10:23:28","date_gmt":"2022-03-31T08:23:28","guid":{"rendered":"https:\/\/casuscon.test.uwr.edu.pl\/?page_id=22187"},"modified":"2023-08-09T12:59:31","modified_gmt":"2023-08-09T10:59:31","slug":"sponsors-and-patronage","status":"publish","type":"page","link":"https:\/\/casuscon.uwr.edu.pl\/en\/sponsors-and-patronage\/","title":{"rendered":"Patronage and Support"},"content":{"rendered":"\n<div class=\"alignfull wp-block-ugb-container ugb-container podstrona_sekcje ugb-12c4a27 ugb-container--v2 ugb-container--design-plain ugb-main-block\"><style>@media screen and (min-width:768px){.ugb-12c4a27.ugb-container{margin-bottom:0px !important;padding-right:0px !important;padding-bottom:50px !important;padding-left:0px !important}}@media screen and (min-width:768px){.ugb-12c4a27 > .ugb-inner-block > .ugb-block-content > *{padding-top:0px !important;padding-bottom:0px !important;padding-right:0px !important;padding-left:0px !important}}<\/style><div class=\"ugb-inner-block\"><div class=\"ugb-block-content\"><div class=\"ugb-container__wrapper ugb-12c4a27-wrapper\"><div class=\"ugb-container__side\"><div class=\"ugb-container__content-wrapper ugb-12c4a27-content-wrapper\">\n<div class=\"wp-block-media-text alignwide is-stacked-on-mobile is-vertically-aligned-top is-image-fill bs-naglowek-szablonu-kolumny\"><figure class=\"wp-block-media-text__media\" style=\"background-image:url(https:\/\/casuscon.uwr.edu.pl\/wp-content\/uploads\/sites\/27\/2022\/07\/2022.07.12_CASUS_fot.-Dominika-Hull-07-1024x682.jpg);background-position:50% 50%\"><img loading=\"lazy\" decoding=\"async\" width=\"1024\" height=\"682\" src=\"https:\/\/casuscon.uwr.edu.pl\/wp-content\/uploads\/sites\/27\/2022\/07\/2022.07.12_CASUS_fot.-Dominika-Hull-07-1024x682.jpg\" alt=\"Aula Leopoldina\" class=\"wp-image-24131 size-full\" srcset=\"https:\/\/casuscon.uwr.edu.pl\/wp-content\/uploads\/sites\/27\/2022\/07\/2022.07.12_CASUS_fot.-Dominika-Hull-07-1024x682.jpg 1024w, https:\/\/casuscon.uwr.edu.pl\/wp-content\/uploads\/sites\/27\/2022\/07\/2022.07.12_CASUS_fot.-Dominika-Hull-07-300x200.jpg 300w, https:\/\/casuscon.uwr.edu.pl\/wp-content\/uploads\/sites\/27\/2022\/07\/2022.07.12_CASUS_fot.-Dominika-Hull-07-768x512.jpg 768w, https:\/\/casuscon.uwr.edu.pl\/wp-content\/uploads\/sites\/27\/2022\/07\/2022.07.12_CASUS_fot.-Dominika-Hull-07-1536x1024.jpg 1536w, https:\/\/casuscon.uwr.edu.pl\/wp-content\/uploads\/sites\/27\/2022\/07\/2022.07.12_CASUS_fot.-Dominika-Hull-07-1320x880.jpg 1320w, https:\/\/casuscon.uwr.edu.pl\/wp-content\/uploads\/sites\/27\/2022\/07\/2022.07.12_CASUS_fot.-Dominika-Hull-07-24x16.jpg 24w, https:\/\/casuscon.uwr.edu.pl\/wp-content\/uploads\/sites\/27\/2022\/07\/2022.07.12_CASUS_fot.-Dominika-Hull-07-36x24.jpg 36w, https:\/\/casuscon.uwr.edu.pl\/wp-content\/uploads\/sites\/27\/2022\/07\/2022.07.12_CASUS_fot.-Dominika-Hull-07-48x32.jpg 48w, https:\/\/casuscon.uwr.edu.pl\/wp-content\/uploads\/sites\/27\/2022\/07\/2022.07.12_CASUS_fot.-Dominika-Hull-07.jpg 1600w\" sizes=\"auto, (max-width: 1024px) 100vw, 1024px\" \/><\/figure><div class=\"wp-block-media-text__content\">\n<div class=\"wp-block-bonasoft-modular-breadcrumbs-block\"><div class=\"bs_add_breadcrumb_trail\"><\/div><\/div>\n\n\n\n<hr class=\"wp-block-separator has-text-color has-black-color has-css-opacity has-black-background-color has-background is-style-wide bs-border-kontakt\"\/>\n\n\n\n<h1 class=\"wp-block-heading bs-naglowek-podstrony\"><strong>Patronage and Support<\/strong> <\/h1>\n\n\n\n<div style=\"height:50px\" aria-hidden=\"true\" class=\"wp-block-spacer\"><\/div>\n\n\n\n<p><\/p>\n<\/div><\/div>\n\n\n\n<div class=\"wp-block-ugb-container ugb-container ugb-002ab8b ugb-container--v2 ugb-container--design-plain ugb-main-block\"><style>@media screen and (min-width:768px){.ugb-002ab8b.ugb-container{margin-bottom:0% !important;margin-right:6% !important;margin-left:6% !important}}@media screen and (min-width:768px){.ugb-002ab8b > .ugb-inner-block > .ugb-block-content > *{padding-top:0px !important;padding-bottom:0px !important;padding-right:0px !important;padding-left:0px !important}}<\/style><div class=\"ugb-inner-block\"><div class=\"ugb-block-content\"><div class=\"ugb-container__wrapper ugb-002ab8b-wrapper\"><div class=\"ugb-container__side\"><div class=\"ugb-container__content-wrapper ugb-002ab8b-content-wrapper\">\n<h2 class=\"wp-block-heading has-text-align-center\"><strong>Organizers<\/strong><\/h2>\n\n\n\n<p>The<strong> University of Wroc\u0142aw<\/strong><\/p>\n\n\n\n<p>in cooperation with <strong>Center for Advanced Systems Understanding&nbsp;(CASUS)<\/strong> and <strong>Helmholtz-Zentrum Dresden-Rossendorf&nbsp;(HZDR)<\/strong><\/p>\n\n\n\n<p>in association with:<\/p>\n\n\n\n<p><strong>Wroc\u0142aw Medical University<\/strong><\/p>\n\n\n\n<p><strong>Wroc\u0142aw University of Environmental and Life Sciences<\/strong><\/p>\n\n\n\n<p>with the support of:<\/p>\n\n\n\n<p><strong>General Consulate of Germany in Wroc\u0142aw<\/strong><\/p>\n\n\n\n<p><\/p>\n\n\n\n<h2 class=\"wp-block-heading has-text-align-center\"><strong>Patronage<\/strong><\/h2>\n\n\n\n<p>CASUSCON has been organized under the honorary patronage of the Polish Minister of Education and Science.<\/p>\n\n\n\n<h2 class=\"wp-block-heading has-text-align-center\"><strong>Financial Support<\/strong><\/h2>\n\n\n\n<p>CASUSCON has been organized under the scheme &#8220;Doskona\u0142a Nauka&#8221; financed by the Polish Ministry of Education and Science. <\/p>\n<\/div><\/div><\/div><\/div><\/div><\/div>\n\n\n\n<figure class=\"wp-block-image size-large\"><img loading=\"lazy\" decoding=\"async\" width=\"1024\" height=\"576\" src=\"https:\/\/casuscon.uwr.edu.pl\/wp-content\/uploads\/sites\/27\/2023\/08\/mein_doskonala_nauka_on_white-1-1024x576.png\" alt=\"Doskona\u0142a Nauka\" class=\"wp-image-25278\" srcset=\"https:\/\/casuscon.uwr.edu.pl\/wp-content\/uploads\/sites\/27\/2023\/08\/mein_doskonala_nauka_on_white-1-1024x576.png 1024w, https:\/\/casuscon.uwr.edu.pl\/wp-content\/uploads\/sites\/27\/2023\/08\/mein_doskonala_nauka_on_white-1-300x169.png 300w, https:\/\/casuscon.uwr.edu.pl\/wp-content\/uploads\/sites\/27\/2023\/08\/mein_doskonala_nauka_on_white-1-768x432.png 768w, https:\/\/casuscon.uwr.edu.pl\/wp-content\/uploads\/sites\/27\/2023\/08\/mein_doskonala_nauka_on_white-1-1536x864.png 1536w, https:\/\/casuscon.uwr.edu.pl\/wp-content\/uploads\/sites\/27\/2023\/08\/mein_doskonala_nauka_on_white-1-2048x1152.png 2048w, https:\/\/casuscon.uwr.edu.pl\/wp-content\/uploads\/sites\/27\/2023\/08\/mein_doskonala_nauka_on_white-1-1320x743.png 1320w, https:\/\/casuscon.uwr.edu.pl\/wp-content\/uploads\/sites\/27\/2023\/08\/mein_doskonala_nauka_on_white-1-24x14.png 24w, https:\/\/casuscon.uwr.edu.pl\/wp-content\/uploads\/sites\/27\/2023\/08\/mein_doskonala_nauka_on_white-1-36x20.png 36w, https:\/\/casuscon.uwr.edu.pl\/wp-content\/uploads\/sites\/27\/2023\/08\/mein_doskonala_nauka_on_white-1-48x27.png 48w\" sizes=\"auto, (max-width: 1024px) 100vw, 1024px\" \/><\/figure>\n<\/div><\/div><\/div><\/div><\/div><\/div>\n","protected":false},"excerpt":{"rendered":"<p>Patronage and Support Organizers The University of Wroc\u0142aw in cooperation with Center for Advanced Systems Understanding&nbsp;(CASUS) and Helmholtz-Zentrum Dresden-Rossendorf&nbsp;(HZDR) in association with: Wroc\u0142aw Medical University Wroc\u0142aw University of Environmental and Life Sciences with the support of: General Consulate of Germany in Wroc\u0142aw Patronage CASUSCON has been organized under the honorary patronage of the Polish Minister [&hellip;]<\/p>\n","protected":false},"author":20,"featured_media":0,"parent":0,"menu_order":0,"comment_status":"closed","ping_status":"closed","template":"","meta":{"_acf_changed":false,"inline_featured_image":false,"site-sidebar-layout":"default","site-content-layout":"","ast-site-content-layout":"default","site-content-style":"default","site-sidebar-style":"default","ast-global-header-display":"","ast-banner-title-visibility":"","ast-main-header-display":"","ast-hfb-above-header-display":"","ast-hfb-below-header-display":"","ast-hfb-mobile-header-display":"","site-post-title":"","ast-breadcrumbs-content":"","ast-featured-img":"","footer-sml-layout":"","ast-disable-related-posts":"","theme-transparent-header-meta":"","adv-header-id-meta":"","stick-header-meta":"","header-above-stick-meta":"","header-main-stick-meta":"","header-below-stick-meta":"","astra-migrate-meta-layouts":"default","ast-page-background-enabled":"default","ast-page-background-meta":{"desktop":{"background-color":"","background-image":"","background-repeat":"repeat","background-position":"center center","background-size":"auto","background-attachment":"scroll","background-type":"","background-media":"","overlay-type":"","overlay-color":"","overlay-opacity":"","overlay-gradient":""},"tablet":{"background-color":"","background-image":"","background-repeat":"repeat","background-position":"center center","background-size":"auto","background-attachment":"scroll","background-type":"","background-media":"","overlay-type":"","overlay-color":"","overlay-opacity":"","overlay-gradient":""},"mobile":{"background-color":"","background-image":"","background-repeat":"repeat","background-position":"center center","background-size":"auto","background-attachment":"scroll","background-type":"","background-media":"","overlay-type":"","overlay-color":"","overlay-opacity":"","overlay-gradient":""}},"ast-content-background-meta":{"desktop":{"background-color":"var(--ast-global-color-5)","background-image":"","background-repeat":"repeat","background-position":"center center","background-size":"auto","background-attachment":"scroll","background-type":"","background-media":"","overlay-type":"","overlay-color":"","overlay-opacity":"","overlay-gradient":""},"tablet":{"background-color":"var(--ast-global-color-5)","background-image":"","background-repeat":"repeat","background-position":"center center","background-size":"auto","background-attachment":"scroll","background-type":"","background-media":"","overlay-type":"","overlay-color":"","overlay-opacity":"","overlay-gradient":""},"mobile":{"background-color":"var(--ast-global-color-5)","background-image":"","background-repeat":"repeat","background-position":"center center","background-size":"auto","background-attachment":"scroll","background-type":"","background-media":"","overlay-type":"","overlay-color":"","overlay-opacity":"","overlay-gradient":""}},"footnotes":""},"categories":[],"tags":[],"class_list":["post-22187","page","type-page","status-publish","hentry"],"featured_image_urls_v2":{"full":"","thumbnail":"","medium":"","medium_large":"","large":"","1536x1536":"","2048x2048":"","menu-24x24":"","menu-36x36":"","menu-48x48":""},"post_excerpt_stackable_v2":"<p>Patronage and Support Organizers The University of Wroc\u0142aw in cooperation with Center for Advanced Systems Understanding&nbsp;(CASUS) and Helmholtz-Zentrum Dresden-Rossendorf&nbsp;(HZDR) in association with: Wroc\u0142aw Medical University Wroc\u0142aw University of Environmental and Life Sciences with the support of: General Consulate of Germany in Wroc\u0142aw Patronage CASUSCON has been organized under the honorary patronage of the Polish Minister of Education and Science. Financial Support CASUSCON has been organized under the scheme &#8220;Doskona\u0142a Nauka&#8221; financed by the Polish Ministry of Education and Science.<\/p>\n","category_list_v2":"Uncategorized","author_info_v2":{"name":"mmatlinski","url":"https:\/\/casuscon.uwr.edu.pl\/en\/author\/mmatlinski\/"},"comments_num_v2":"0 comments","acf":[],"yoast_head":"<!-- This site is optimized with the Yoast SEO plugin v27.1.1 - https:\/\/yoast.com\/product\/yoast-seo-wordpress\/ -->\n<title>Patronage and Support - CASUSCON<\/title>\n<meta name=\"description\" content=\"UWr-CASUS-HZDR International Conference on Advanced Systems Research (CASUSCON)\" \/>\n<meta name=\"robots\" content=\"index, follow, max-snippet:-1, max-image-preview:large, max-video-preview:-1\" \/>\n<link rel=\"canonical\" href=\"https:\/\/casuscon.uwr.edu.pl\/en\/sponsors-and-patronage\/\" \/>\n<meta property=\"og:locale\" content=\"en_US\" \/>\n<meta property=\"og:type\" content=\"article\" \/>\n<meta property=\"og:title\" content=\"Patronage and Support - CASUSCON\" \/>\n<meta property=\"og:description\" content=\"UWr-CASUS-HZDR International Conference on Advanced Systems Research (CASUSCON)\" \/>\n<meta property=\"og:url\" content=\"https:\/\/casuscon.uwr.edu.pl\/en\/sponsors-and-patronage\/\" \/>\n<meta property=\"og:site_name\" content=\"CASUSCON\" \/>\n<meta property=\"article:modified_time\" content=\"2023-08-09T10:59:31+00:00\" \/>\n<meta property=\"og:image\" content=\"https:\/\/casuscon.uwr.edu.pl\/wp-content\/uploads\/sites\/27\/2022\/07\/2022.07.12_CASUS_fot.-Dominika-Hull-07-1024x682.jpg\" \/>\n<meta name=\"twitter:card\" content=\"summary_large_image\" \/>\n<meta name=\"twitter:label1\" content=\"Est. reading time\" \/>\n\t<meta name=\"twitter:data1\" content=\"1 minute\" \/>\n<script type=\"application\/ld+json\" class=\"yoast-schema-graph\">{\"@context\":\"https:\/\/schema.org\",\"@graph\":[{\"@type\":\"WebPage\",\"@id\":\"https:\/\/casuscon.uwr.edu.pl\/en\/sponsors-and-patronage\/\",\"url\":\"https:\/\/casuscon.uwr.edu.pl\/en\/sponsors-and-patronage\/\",\"name\":\"Patronage and Support - CASUSCON\",\"isPartOf\":{\"@id\":\"https:\/\/casuscon.uwr.edu.pl\/en\/#website\"},\"primaryImageOfPage\":{\"@id\":\"https:\/\/casuscon.uwr.edu.pl\/en\/sponsors-and-patronage\/#primaryimage\"},\"image\":{\"@id\":\"https:\/\/casuscon.uwr.edu.pl\/en\/sponsors-and-patronage\/#primaryimage\"},\"thumbnailUrl\":\"https:\/\/casuscon.uwr.edu.pl\/wp-content\/uploads\/sites\/27\/2022\/07\/2022.07.12_CASUS_fot.-Dominika-Hull-07-1024x682.jpg\",\"datePublished\":\"2022-03-31T08:23:28+00:00\",\"dateModified\":\"2023-08-09T10:59:31+00:00\",\"description\":\"UWr-CASUS-HZDR International Conference on Advanced Systems Research (CASUSCON)\",\"breadcrumb\":{\"@id\":\"https:\/\/casuscon.uwr.edu.pl\/en\/sponsors-and-patronage\/#breadcrumb\"},\"inLanguage\":\"en-US\",\"potentialAction\":[{\"@type\":\"ReadAction\",\"target\":[\"https:\/\/casuscon.uwr.edu.pl\/en\/sponsors-and-patronage\/\"]}]},{\"@type\":\"ImageObject\",\"inLanguage\":\"en-US\",\"@id\":\"https:\/\/casuscon.uwr.edu.pl\/en\/sponsors-and-patronage\/#primaryimage\",\"url\":\"https:\/\/casuscon.uwr.edu.pl\/wp-content\/uploads\/sites\/27\/2022\/07\/2022.07.12_CASUS_fot.-Dominika-Hull-07-1024x682.jpg\",\"contentUrl\":\"https:\/\/casuscon.uwr.edu.pl\/wp-content\/uploads\/sites\/27\/2022\/07\/2022.07.12_CASUS_fot.-Dominika-Hull-07-1024x682.jpg\"},{\"@type\":\"BreadcrumbList\",\"@id\":\"https:\/\/casuscon.uwr.edu.pl\/en\/sponsors-and-patronage\/#breadcrumb\",\"itemListElement\":[{\"@type\":\"ListItem\",\"position\":1,\"name\":\"Main Page\",\"item\":\"https:\/\/casuscon.uwr.edu.pl\/en\/\"},{\"@type\":\"ListItem\",\"position\":2,\"name\":\"Patronage and Support\"}]},{\"@type\":\"WebSite\",\"@id\":\"https:\/\/casuscon.uwr.edu.pl\/en\/#website\",\"url\":\"https:\/\/casuscon.uwr.edu.pl\/en\/\",\"name\":\"CASUSCON\",\"description\":\"Kolejna witryna sieci \u201eUWR Witryny\u201d\",\"publisher\":{\"@id\":\"https:\/\/casuscon.uwr.edu.pl\/en\/#organization\"},\"potentialAction\":[{\"@type\":\"SearchAction\",\"target\":{\"@type\":\"EntryPoint\",\"urlTemplate\":\"https:\/\/casuscon.uwr.edu.pl\/en\/?s={search_term_string}\"},\"query-input\":{\"@type\":\"PropertyValueSpecification\",\"valueRequired\":true,\"valueName\":\"search_term_string\"}}],\"inLanguage\":\"en-US\"},{\"@type\":\"Organization\",\"@id\":\"https:\/\/casuscon.uwr.edu.pl\/en\/#organization\",\"name\":\"CASUSCON\",\"url\":\"https:\/\/casuscon.uwr.edu.pl\/en\/\",\"logo\":{\"@type\":\"ImageObject\",\"inLanguage\":\"en-US\",\"@id\":\"https:\/\/casuscon.uwr.edu.pl\/en\/#\/schema\/logo\/image\/\",\"url\":\"https:\/\/casuscon.uwr.edu.pl\/wp-content\/uploads\/sites\/27\/2025\/10\/UWr-logotyp-2025.png\",\"contentUrl\":\"https:\/\/casuscon.uwr.edu.pl\/wp-content\/uploads\/sites\/27\/2025\/10\/UWr-logotyp-2025.png\",\"width\":764,\"height\":269,\"caption\":\"CASUSCON\"},\"image\":{\"@id\":\"https:\/\/casuscon.uwr.edu.pl\/en\/#\/schema\/logo\/image\/\"}}]}<\/script>\n<!-- \/ Yoast SEO plugin. -->","yoast_head_json":{"title":"Patronage and Support - CASUSCON","description":"UWr-CASUS-HZDR International Conference on Advanced Systems Research (CASUSCON)","robots":{"index":"index","follow":"follow","max-snippet":"max-snippet:-1","max-image-preview":"max-image-preview:large","max-video-preview":"max-video-preview:-1"},"canonical":"https:\/\/casuscon.uwr.edu.pl\/en\/sponsors-and-patronage\/","og_locale":"en_US","og_type":"article","og_title":"Patronage and Support - CASUSCON","og_description":"UWr-CASUS-HZDR International Conference on Advanced Systems Research (CASUSCON)","og_url":"https:\/\/casuscon.uwr.edu.pl\/en\/sponsors-and-patronage\/","og_site_name":"CASUSCON","article_modified_time":"2023-08-09T10:59:31+00:00","og_image":[{"url":"https:\/\/casuscon.uwr.edu.pl\/wp-content\/uploads\/sites\/27\/2022\/07\/2022.07.12_CASUS_fot.-Dominika-Hull-07-1024x682.jpg","type":"","width":"","height":""}],"twitter_card":"summary_large_image","twitter_misc":{"Est. reading time":"1 minute"},"schema":{"@context":"https:\/\/schema.org","@graph":[{"@type":"WebPage","@id":"https:\/\/casuscon.uwr.edu.pl\/en\/sponsors-and-patronage\/","url":"https:\/\/casuscon.uwr.edu.pl\/en\/sponsors-and-patronage\/","name":"Patronage and Support - CASUSCON","isPartOf":{"@id":"https:\/\/casuscon.uwr.edu.pl\/en\/#website"},"primaryImageOfPage":{"@id":"https:\/\/casuscon.uwr.edu.pl\/en\/sponsors-and-patronage\/#primaryimage"},"image":{"@id":"https:\/\/casuscon.uwr.edu.pl\/en\/sponsors-and-patronage\/#primaryimage"},"thumbnailUrl":"https:\/\/casuscon.uwr.edu.pl\/wp-content\/uploads\/sites\/27\/2022\/07\/2022.07.12_CASUS_fot.-Dominika-Hull-07-1024x682.jpg","datePublished":"2022-03-31T08:23:28+00:00","dateModified":"2023-08-09T10:59:31+00:00","description":"UWr-CASUS-HZDR International Conference on Advanced Systems Research (CASUSCON)","breadcrumb":{"@id":"https:\/\/casuscon.uwr.edu.pl\/en\/sponsors-and-patronage\/#breadcrumb"},"inLanguage":"en-US","potentialAction":[{"@type":"ReadAction","target":["https:\/\/casuscon.uwr.edu.pl\/en\/sponsors-and-patronage\/"]}]},{"@type":"ImageObject","inLanguage":"en-US","@id":"https:\/\/casuscon.uwr.edu.pl\/en\/sponsors-and-patronage\/#primaryimage","url":"https:\/\/casuscon.uwr.edu.pl\/wp-content\/uploads\/sites\/27\/2022\/07\/2022.07.12_CASUS_fot.-Dominika-Hull-07-1024x682.jpg","contentUrl":"https:\/\/casuscon.uwr.edu.pl\/wp-content\/uploads\/sites\/27\/2022\/07\/2022.07.12_CASUS_fot.-Dominika-Hull-07-1024x682.jpg"},{"@type":"BreadcrumbList","@id":"https:\/\/casuscon.uwr.edu.pl\/en\/sponsors-and-patronage\/#breadcrumb","itemListElement":[{"@type":"ListItem","position":1,"name":"Main Page","item":"https:\/\/casuscon.uwr.edu.pl\/en\/"},{"@type":"ListItem","position":2,"name":"Patronage and Support"}]},{"@type":"WebSite","@id":"https:\/\/casuscon.uwr.edu.pl\/en\/#website","url":"https:\/\/casuscon.uwr.edu.pl\/en\/","name":"CASUSCON","description":"Kolejna witryna sieci \u201eUWR Witryny\u201d","publisher":{"@id":"https:\/\/casuscon.uwr.edu.pl\/en\/#organization"},"potentialAction":[{"@type":"SearchAction","target":{"@type":"EntryPoint","urlTemplate":"https:\/\/casuscon.uwr.edu.pl\/en\/?s={search_term_string}"},"query-input":{"@type":"PropertyValueSpecification","valueRequired":true,"valueName":"search_term_string"}}],"inLanguage":"en-US"},{"@type":"Organization","@id":"https:\/\/casuscon.uwr.edu.pl\/en\/#organization","name":"CASUSCON","url":"https:\/\/casuscon.uwr.edu.pl\/en\/","logo":{"@type":"ImageObject","inLanguage":"en-US","@id":"https:\/\/casuscon.uwr.edu.pl\/en\/#\/schema\/logo\/image\/","url":"https:\/\/casuscon.uwr.edu.pl\/wp-content\/uploads\/sites\/27\/2025\/10\/UWr-logotyp-2025.png","contentUrl":"https:\/\/casuscon.uwr.edu.pl\/wp-content\/uploads\/sites\/27\/2025\/10\/UWr-logotyp-2025.png","width":764,"height":269,"caption":"CASUSCON"},"image":{"@id":"https:\/\/casuscon.uwr.edu.pl\/en\/#\/schema\/logo\/image\/"}}]}},"publishpress_future_action":{"enabled":false,"date":"2026-04-23 01:21:42","action":"change-status","newStatus":"draft","terms":[],"taxonomy":"category","extraData":[]},"publishpress_future_workflow_manual_trigger":{"enabledWorkflows":[]},"_links":{"self":[{"href":"https:\/\/casuscon.uwr.edu.pl\/en\/wp-json\/wp\/v2\/pages\/22187\/"}],"collection":[{"href":"https:\/\/casuscon.uwr.edu.pl\/en\/wp-json\/wp\/v2\/pages\/"}],"about":[{"href":"https:\/\/casuscon.uwr.edu.pl\/en\/wp-json\/wp\/v2\/types\/page\/"}],"author":[{"embeddable":true,"href":"https:\/\/casuscon.uwr.edu.pl\/en\/wp-json\/wp\/v2\/users\/20\/"}],"replies":[{"embeddable":true,"href":"https:\/\/casuscon.uwr.edu.pl\/en\/wp-json\/wp\/v2\/comments\/?post=22187"}],"version-history":[{"count":6,"href":"https:\/\/casuscon.uwr.edu.pl\/en\/wp-json\/wp\/v2\/pages\/22187\/revisions\/"}],"predecessor-version":[{"id":25284,"href":"https:\/\/casuscon.uwr.edu.pl\/en\/wp-json\/wp\/v2\/pages\/22187\/revisions\/25284\/"}],"wp:attachment":[{"href":"https:\/\/casuscon.uwr.edu.pl\/en\/wp-json\/wp\/v2\/media\/?parent=22187"}],"wp:term":[{"taxonomy":"category","embeddable":true,"href":"https:\/\/casuscon.uwr.edu.pl\/en\/wp-json\/wp\/v2\/categories\/?post=22187"},{"taxonomy":"post_tag","embeddable":true,"href":"https:\/\/casuscon.uwr.edu.pl\/en\/wp-json\/wp\/v2\/tags\/?post=22187"}],"curies":[{"name":"wp","href":"https:\/\/api.w.org\/{rel}","templated":true}]}}